{"id":5020,"date":"2019-10-07T21:15:43","date_gmt":"2019-10-07T21:15:43","guid":{"rendered":"https:\/\/itwcer.com\/services\/training\/"},"modified":"2022-07-29T15:20:51","modified_gmt":"2022-07-29T15:20:51","slug":"training","status":"publish","type":"page","link":"https:\/\/itwcer.com\/fr\/fournisseur-de-solutions-completes-en-transfert-a-chaud\/training\/","title":{"rendered":"Formation"},"content":{"rendered":"","protected":false},"excerpt":{"rendered":"","protected":false},"author":6,"featured_media":0,"parent":5005,"menu_order":129,"comment_status":"closed","ping_status":"closed","template":"","meta":{"_acf_changed":false,"footnotes":""},"class_list":["post-5020","page","type-page","status-publish","hentry"],"acf":[],"yoast_head":"<!-- This site is optimized with the Yoast SEO plugin v27.4 - https:\/\/yoast.com\/product\/yoast-seo-wordpress\/ -->\n<title>Formation - ITW CER<\/title>\n<meta name=\"description\" content=\"Formation . ITW CER . CER fournit une formation professionnelle personnalis\u00e9e sur le processus de d\u00e9coration qu&#039;est le marquage \u00e0 chaud.\" \/>\n<meta name=\"robots\" content=\"index, follow, max-snippet:-1, max-image-preview:large, max-video-preview:-1\" \/>\n<link rel=\"canonical\" href=\"https:\/\/itwcer.com\/fr\/fournisseur-de-solutions-completes-en-transfert-a-chaud\/training\/\" \/>\n<meta property=\"og:locale\" content=\"fr_FR\" \/>\n<meta property=\"og:type\" content=\"article\" \/>\n<meta property=\"og:title\" content=\"Formation - ITW CER\" \/>\n<meta property=\"og:description\" content=\"Formation . ITW CER . CER fournit une formation professionnelle personnalis\u00e9e sur le processus de d\u00e9coration qu&#039;est le marquage \u00e0 chaud.\" \/>\n<meta property=\"og:url\" content=\"https:\/\/itwcer.com\/fr\/fournisseur-de-solutions-completes-en-transfert-a-chaud\/training\/\" \/>\n<meta property=\"og:site_name\" content=\"ITW CER\" \/>\n<meta property=\"article:modified_time\" content=\"2022-07-29T15:20:51+00:00\" \/>\n<meta name=\"twitter:card\" content=\"summary_large_image\" \/>\n<script type=\"application\/ld+json\" class=\"yoast-schema-graph\">{\"@context\":\"https:\\\/\\\/schema.org\",\"@graph\":[{\"@type\":\"WebPage\",\"@id\":\"https:\\\/\\\/itwcer.com\\\/fr\\\/fournisseur-de-solutions-completes-en-transfert-a-chaud\\\/training\\\/\",\"url\":\"https:\\\/\\\/itwcer.com\\\/fr\\\/fournisseur-de-solutions-completes-en-transfert-a-chaud\\\/training\\\/\",\"name\":\"Formation - ITW CER\",\"isPartOf\":{\"@id\":\"https:\\\/\\\/itwcer.com\\\/fr\\\/#website\"},\"datePublished\":\"2019-10-07T21:15:43+00:00\",\"dateModified\":\"2022-07-29T15:20:51+00:00\",\"description\":\"Formation . ITW CER . CER fournit une formation professionnelle personnalis\u00e9e sur le processus de d\u00e9coration qu'est le marquage \u00e0 chaud.\",\"breadcrumb\":{\"@id\":\"https:\\\/\\\/itwcer.com\\\/fr\\\/fournisseur-de-solutions-completes-en-transfert-a-chaud\\\/training\\\/#breadcrumb\"},\"inLanguage\":\"fr-FR\",\"potentialAction\":[{\"@type\":\"ReadAction\",\"target\":[\"https:\\\/\\\/itwcer.com\\\/fr\\\/fournisseur-de-solutions-completes-en-transfert-a-chaud\\\/training\\\/\"]}]},{\"@type\":\"BreadcrumbList\",\"@id\":\"https:\\\/\\\/itwcer.com\\\/fr\\\/fournisseur-de-solutions-completes-en-transfert-a-chaud\\\/training\\\/#breadcrumb\",\"itemListElement\":[{\"@type\":\"ListItem\",\"position\":1,\"name\":\"Home\",\"item\":\"https:\\\/\\\/itwcer.com\\\/fr\\\/\"},{\"@type\":\"ListItem\",\"position\":2,\"name\":\"Services\",\"item\":\"https:\\\/\\\/itwcer.com\\\/fr\\\/fournisseur-de-solutions-completes-en-transfert-a-chaud\\\/\"},{\"@type\":\"ListItem\",\"position\":3,\"name\":\"Formation\"}]},{\"@type\":\"WebSite\",\"@id\":\"https:\\\/\\\/itwcer.com\\\/fr\\\/#website\",\"url\":\"https:\\\/\\\/itwcer.com\\\/fr\\\/\",\"name\":\"ITW CER\",\"description\":\"Complete Hot Stamping &amp; Heat Transfer Product Decorating Solutions\",\"publisher\":{\"@id\":\"https:\\\/\\\/itwcer.com\\\/fr\\\/#organization\"},\"potentialAction\":[{\"@type\":\"SearchAction\",\"target\":{\"@type\":\"EntryPoint\",\"urlTemplate\":\"https:\\\/\\\/itwcer.com\\\/fr\\\/?s={search_term_string}\"},\"query-input\":{\"@type\":\"PropertyValueSpecification\",\"valueRequired\":true,\"valueName\":\"search_term_string\"}}],\"inLanguage\":\"fr-FR\"},{\"@type\":\"Organization\",\"@id\":\"https:\\\/\\\/itwcer.com\\\/fr\\\/#organization\",\"name\":\"ITW CER\",\"url\":\"https:\\\/\\\/itwcer.com\\\/fr\\\/\",\"logo\":{\"@type\":\"ImageObject\",\"inLanguage\":\"fr-FR\",\"@id\":\"https:\\\/\\\/itwcer.com\\\/fr\\\/#\\\/schema\\\/logo\\\/image\\\/\",\"url\":\"https:\\\/\\\/itwcer.com\\\/wp-content\\\/uploads\\\/2020\\\/05\\\/CER_Logo_Hrz_CMYK_CP_300.jpg\",\"contentUrl\":\"https:\\\/\\\/itwcer.com\\\/wp-content\\\/uploads\\\/2020\\\/05\\\/CER_Logo_Hrz_CMYK_CP_300.jpg\",\"width\":779,\"height\":379,\"caption\":\"ITW CER\"},\"image\":{\"@id\":\"https:\\\/\\\/itwcer.com\\\/fr\\\/#\\\/schema\\\/logo\\\/image\\\/\"}}]}<\/script>\n<!-- \/ Yoast SEO plugin. -->","yoast_head_json":{"title":"Formation - ITW CER","description":"Formation . ITW CER . CER fournit une formation professionnelle personnalis\u00e9e sur le processus de d\u00e9coration qu'est le marquage \u00e0 chaud.","robots":{"index":"index","follow":"follow","max-snippet":"max-snippet:-1","max-image-preview":"max-image-preview:large","max-video-preview":"max-video-preview:-1"},"canonical":"https:\/\/itwcer.com\/fr\/fournisseur-de-solutions-completes-en-transfert-a-chaud\/training\/","og_locale":"fr_FR","og_type":"article","og_title":"Formation - ITW CER","og_description":"Formation . ITW CER . CER fournit une formation professionnelle personnalis\u00e9e sur le processus de d\u00e9coration qu'est le marquage \u00e0 chaud.","og_url":"https:\/\/itwcer.com\/fr\/fournisseur-de-solutions-completes-en-transfert-a-chaud\/training\/","og_site_name":"ITW CER","article_modified_time":"2022-07-29T15:20:51+00:00","twitter_card":"summary_large_image","schema":{"@context":"https:\/\/schema.org","@graph":[{"@type":"WebPage","@id":"https:\/\/itwcer.com\/fr\/fournisseur-de-solutions-completes-en-transfert-a-chaud\/training\/","url":"https:\/\/itwcer.com\/fr\/fournisseur-de-solutions-completes-en-transfert-a-chaud\/training\/","name":"Formation - ITW CER","isPartOf":{"@id":"https:\/\/itwcer.com\/fr\/#website"},"datePublished":"2019-10-07T21:15:43+00:00","dateModified":"2022-07-29T15:20:51+00:00","description":"Formation . ITW CER . CER fournit une formation professionnelle personnalis\u00e9e sur le processus de d\u00e9coration qu'est le marquage \u00e0 chaud.","breadcrumb":{"@id":"https:\/\/itwcer.com\/fr\/fournisseur-de-solutions-completes-en-transfert-a-chaud\/training\/#breadcrumb"},"inLanguage":"fr-FR","potentialAction":[{"@type":"ReadAction","target":["https:\/\/itwcer.com\/fr\/fournisseur-de-solutions-completes-en-transfert-a-chaud\/training\/"]}]},{"@type":"BreadcrumbList","@id":"https:\/\/itwcer.com\/fr\/fournisseur-de-solutions-completes-en-transfert-a-chaud\/training\/#breadcrumb","itemListElement":[{"@type":"ListItem","position":1,"name":"Home","item":"https:\/\/itwcer.com\/fr\/"},{"@type":"ListItem","position":2,"name":"Services","item":"https:\/\/itwcer.com\/fr\/fournisseur-de-solutions-completes-en-transfert-a-chaud\/"},{"@type":"ListItem","position":3,"name":"Formation"}]},{"@type":"WebSite","@id":"https:\/\/itwcer.com\/fr\/#website","url":"https:\/\/itwcer.com\/fr\/","name":"ITW CER","description":"Complete Hot Stamping &amp; Heat Transfer Product Decorating Solutions","publisher":{"@id":"https:\/\/itwcer.com\/fr\/#organization"},"potentialAction":[{"@type":"SearchAction","target":{"@type":"EntryPoint","urlTemplate":"https:\/\/itwcer.com\/fr\/?s={search_term_string}"},"query-input":{"@type":"PropertyValueSpecification","valueRequired":true,"valueName":"search_term_string"}}],"inLanguage":"fr-FR"},{"@type":"Organization","@id":"https:\/\/itwcer.com\/fr\/#organization","name":"ITW CER","url":"https:\/\/itwcer.com\/fr\/","logo":{"@type":"ImageObject","inLanguage":"fr-FR","@id":"https:\/\/itwcer.com\/fr\/#\/schema\/logo\/image\/","url":"https:\/\/itwcer.com\/wp-content\/uploads\/2020\/05\/CER_Logo_Hrz_CMYK_CP_300.jpg","contentUrl":"https:\/\/itwcer.com\/wp-content\/uploads\/2020\/05\/CER_Logo_Hrz_CMYK_CP_300.jpg","width":779,"height":379,"caption":"ITW CER"},"image":{"@id":"https:\/\/itwcer.com\/fr\/#\/schema\/logo\/image\/"}}]}},"_links":{"self":[{"href":"https:\/\/itwcer.com\/fr\/wp-json\/wp\/v2\/pages\/5020","targetHints":{"allow":["GET"]}}],"collection":[{"href":"https:\/\/itwcer.com\/fr\/wp-json\/wp\/v2\/pages"}],"about":[{"href":"https:\/\/itwcer.com\/fr\/wp-json\/wp\/v2\/types\/page"}],"author":[{"embeddable":true,"href":"https:\/\/itwcer.com\/fr\/wp-json\/wp\/v2\/users\/6"}],"replies":[{"embeddable":true,"href":"https:\/\/itwcer.com\/fr\/wp-json\/wp\/v2\/comments?post=5020"}],"version-history":[{"count":0,"href":"https:\/\/itwcer.com\/fr\/wp-json\/wp\/v2\/pages\/5020\/revisions"}],"up":[{"embeddable":true,"href":"https:\/\/itwcer.com\/fr\/wp-json\/wp\/v2\/pages\/5005"}],"wp:attachment":[{"href":"https:\/\/itwcer.com\/fr\/wp-json\/wp\/v2\/media?parent=5020"}],"curies":[{"name":"wp","href":"https:\/\/api.w.org\/{rel}","templated":true}]}}