{"id":5036,"date":"2022-11-13T01:56:31","date_gmt":"2022-11-13T01:56:31","guid":{"rendered":"https:\/\/itwcer.com\/markets\/automotive\/"},"modified":"2023-09-12T19:30:51","modified_gmt":"2023-09-12T19:30:51","slug":"marquage-a-chaud-de-pieces-automobiles-daspect","status":"publish","type":"page","link":"https:\/\/itwcer.com\/fr\/notre-expertise-pour-votre-application\/marquage-a-chaud-de-pieces-automobiles-daspect\/","title":{"rendered":"Automobile"},"content":{"rendered":"","protected":false},"excerpt":{"rendered":"","protected":false},"author":6,"featured_media":4759,"parent":5003,"menu_order":22,"comment_status":"closed","ping_status":"closed","template":"","meta":{"_acf_changed":false,"footnotes":""},"class_list":["post-5036","page","type-page","status-publish","has-post-thumbnail","hentry"],"acf":[],"yoast_head":"<!-- This site is optimized with the Yoast SEO plugin v27.4 - https:\/\/yoast.com\/product\/yoast-seo-wordpress\/ -->\n<title>Marquage \u00e0 chaud de pi\u00e8ces automobiles d&#039;aspect ITW CER<\/title>\n<meta name=\"description\" content=\"Marquage \u00e0 chaud de pi\u00e8ces automobiles d&#039;aspect et transfert sur pi\u00e8ces automobiles Int\u00e9rieures, ext\u00e9rieures et pi\u00e8ces moteur.\" \/>\n<meta name=\"robots\" content=\"index, follow, max-snippet:-1, max-image-preview:large, max-video-preview:-1\" \/>\n<link rel=\"canonical\" href=\"https:\/\/itwcer.com\/fr\/notre-expertise-pour-votre-application\/marquage-a-chaud-de-pieces-automobiles-daspect\/\" \/>\n<meta property=\"og:locale\" content=\"fr_FR\" \/>\n<meta property=\"og:type\" content=\"article\" \/>\n<meta property=\"og:title\" content=\"Marquage \u00e0 chaud de pi\u00e8ces automobiles d&#039;aspect ITW CER\" \/>\n<meta property=\"og:description\" content=\"Marquage \u00e0 chaud de pi\u00e8ces automobiles d&#039;aspect et transfert sur pi\u00e8ces automobiles Int\u00e9rieures, ext\u00e9rieures et pi\u00e8ces moteur.\" \/>\n<meta property=\"og:url\" content=\"https:\/\/itwcer.com\/fr\/notre-expertise-pour-votre-application\/marquage-a-chaud-de-pieces-automobiles-daspect\/\" \/>\n<meta property=\"og:site_name\" content=\"ITW CER\" \/>\n<meta property=\"article:modified_time\" content=\"2023-09-12T19:30:51+00:00\" \/>\n<meta property=\"og:image\" content=\"https:\/\/itwcer.com\/wp-content\/uploads\/2020\/03\/Car-Front-Grill-2N240-TCN-scaled.jpg\" \/>\n\t<meta property=\"og:image:width\" content=\"2560\" \/>\n\t<meta property=\"og:image:height\" content=\"1707\" \/>\n\t<meta property=\"og:image:type\" content=\"image\/jpeg\" \/>\n<meta name=\"twitter:card\" content=\"summary_large_image\" \/>\n<script type=\"application\/ld+json\" class=\"yoast-schema-graph\">{\"@context\":\"https:\\\/\\\/schema.org\",\"@graph\":[{\"@type\":\"WebPage\",\"@id\":\"https:\\\/\\\/itwcer.com\\\/fr\\\/notre-expertise-pour-votre-application\\\/marquage-a-chaud-de-pieces-automobiles-daspect\\\/\",\"url\":\"https:\\\/\\\/itwcer.com\\\/fr\\\/notre-expertise-pour-votre-application\\\/marquage-a-chaud-de-pieces-automobiles-daspect\\\/\",\"name\":\"Marquage \u00e0 chaud de pi\u00e8ces automobiles d'aspect ITW CER\",\"isPartOf\":{\"@id\":\"https:\\\/\\\/itwcer.com\\\/fr\\\/#website\"},\"primaryImageOfPage\":{\"@id\":\"https:\\\/\\\/itwcer.com\\\/fr\\\/notre-expertise-pour-votre-application\\\/marquage-a-chaud-de-pieces-automobiles-daspect\\\/#primaryimage\"},\"image\":{\"@id\":\"https:\\\/\\\/itwcer.com\\\/fr\\\/notre-expertise-pour-votre-application\\\/marquage-a-chaud-de-pieces-automobiles-daspect\\\/#primaryimage\"},\"thumbnailUrl\":\"https:\\\/\\\/itwcer.com\\\/wp-content\\\/uploads\\\/2020\\\/03\\\/Car-Front-Grill-2N240-TCN-scaled.jpg\",\"datePublished\":\"2022-11-13T01:56:31+00:00\",\"dateModified\":\"2023-09-12T19:30:51+00:00\",\"description\":\"Marquage \u00e0 chaud de pi\u00e8ces automobiles d'aspect et transfert sur pi\u00e8ces automobiles Int\u00e9rieures, ext\u00e9rieures et pi\u00e8ces moteur.\",\"breadcrumb\":{\"@id\":\"https:\\\/\\\/itwcer.com\\\/fr\\\/notre-expertise-pour-votre-application\\\/marquage-a-chaud-de-pieces-automobiles-daspect\\\/#breadcrumb\"},\"inLanguage\":\"fr-FR\",\"potentialAction\":[{\"@type\":\"ReadAction\",\"target\":[\"https:\\\/\\\/itwcer.com\\\/fr\\\/notre-expertise-pour-votre-application\\\/marquage-a-chaud-de-pieces-automobiles-daspect\\\/\"]}]},{\"@type\":\"ImageObject\",\"inLanguage\":\"fr-FR\",\"@id\":\"https:\\\/\\\/itwcer.com\\\/fr\\\/notre-expertise-pour-votre-application\\\/marquage-a-chaud-de-pieces-automobiles-daspect\\\/#primaryimage\",\"url\":\"https:\\\/\\\/itwcer.com\\\/wp-content\\\/uploads\\\/2020\\\/03\\\/Car-Front-Grill-2N240-TCN-scaled.jpg\",\"contentUrl\":\"https:\\\/\\\/itwcer.com\\\/wp-content\\\/uploads\\\/2020\\\/03\\\/Car-Front-Grill-2N240-TCN-scaled.jpg\",\"width\":2560,\"height\":1707},{\"@type\":\"BreadcrumbList\",\"@id\":\"https:\\\/\\\/itwcer.com\\\/fr\\\/notre-expertise-pour-votre-application\\\/marquage-a-chaud-de-pieces-automobiles-daspect\\\/#breadcrumb\",\"itemListElement\":[{\"@type\":\"ListItem\",\"position\":1,\"name\":\"Home\",\"item\":\"https:\\\/\\\/itwcer.com\\\/fr\\\/\"},{\"@type\":\"ListItem\",\"position\":2,\"name\":\"March\u00e9s\",\"item\":\"https:\\\/\\\/itwcer.com\\\/fr\\\/notre-expertise-pour-votre-application\\\/\"},{\"@type\":\"ListItem\",\"position\":3,\"name\":\"Automobile\"}]},{\"@type\":\"WebSite\",\"@id\":\"https:\\\/\\\/itwcer.com\\\/fr\\\/#website\",\"url\":\"https:\\\/\\\/itwcer.com\\\/fr\\\/\",\"name\":\"ITW CER\",\"description\":\"Complete Hot Stamping &amp; Heat Transfer Product Decorating Solutions\",\"publisher\":{\"@id\":\"https:\\\/\\\/itwcer.com\\\/fr\\\/#organization\"},\"potentialAction\":[{\"@type\":\"SearchAction\",\"target\":{\"@type\":\"EntryPoint\",\"urlTemplate\":\"https:\\\/\\\/itwcer.com\\\/fr\\\/?s={search_term_string}\"},\"query-input\":{\"@type\":\"PropertyValueSpecification\",\"valueRequired\":true,\"valueName\":\"search_term_string\"}}],\"inLanguage\":\"fr-FR\"},{\"@type\":\"Organization\",\"@id\":\"https:\\\/\\\/itwcer.com\\\/fr\\\/#organization\",\"name\":\"ITW CER\",\"url\":\"https:\\\/\\\/itwcer.com\\\/fr\\\/\",\"logo\":{\"@type\":\"ImageObject\",\"inLanguage\":\"fr-FR\",\"@id\":\"https:\\\/\\\/itwcer.com\\\/fr\\\/#\\\/schema\\\/logo\\\/image\\\/\",\"url\":\"https:\\\/\\\/itwcer.com\\\/wp-content\\\/uploads\\\/2020\\\/05\\\/CER_Logo_Hrz_CMYK_CP_300.jpg\",\"contentUrl\":\"https:\\\/\\\/itwcer.com\\\/wp-content\\\/uploads\\\/2020\\\/05\\\/CER_Logo_Hrz_CMYK_CP_300.jpg\",\"width\":779,\"height\":379,\"caption\":\"ITW CER\"},\"image\":{\"@id\":\"https:\\\/\\\/itwcer.com\\\/fr\\\/#\\\/schema\\\/logo\\\/image\\\/\"}}]}<\/script>\n<!-- \/ Yoast SEO plugin. -->","yoast_head_json":{"title":"Marquage \u00e0 chaud de pi\u00e8ces automobiles d'aspect ITW CER","description":"Marquage \u00e0 chaud de pi\u00e8ces automobiles d'aspect et transfert sur pi\u00e8ces automobiles Int\u00e9rieures, ext\u00e9rieures et pi\u00e8ces moteur.","robots":{"index":"index","follow":"follow","max-snippet":"max-snippet:-1","max-image-preview":"max-image-preview:large","max-video-preview":"max-video-preview:-1"},"canonical":"https:\/\/itwcer.com\/fr\/notre-expertise-pour-votre-application\/marquage-a-chaud-de-pieces-automobiles-daspect\/","og_locale":"fr_FR","og_type":"article","og_title":"Marquage \u00e0 chaud de pi\u00e8ces automobiles d'aspect ITW CER","og_description":"Marquage \u00e0 chaud de pi\u00e8ces automobiles d'aspect et transfert sur pi\u00e8ces automobiles Int\u00e9rieures, ext\u00e9rieures et pi\u00e8ces moteur.","og_url":"https:\/\/itwcer.com\/fr\/notre-expertise-pour-votre-application\/marquage-a-chaud-de-pieces-automobiles-daspect\/","og_site_name":"ITW CER","article_modified_time":"2023-09-12T19:30:51+00:00","og_image":[{"width":2560,"height":1707,"url":"https:\/\/itwcer.com\/wp-content\/uploads\/2020\/03\/Car-Front-Grill-2N240-TCN-scaled.jpg","type":"image\/jpeg"}],"twitter_card":"summary_large_image","schema":{"@context":"https:\/\/schema.org","@graph":[{"@type":"WebPage","@id":"https:\/\/itwcer.com\/fr\/notre-expertise-pour-votre-application\/marquage-a-chaud-de-pieces-automobiles-daspect\/","url":"https:\/\/itwcer.com\/fr\/notre-expertise-pour-votre-application\/marquage-a-chaud-de-pieces-automobiles-daspect\/","name":"Marquage \u00e0 chaud de pi\u00e8ces automobiles d'aspect ITW CER","isPartOf":{"@id":"https:\/\/itwcer.com\/fr\/#website"},"primaryImageOfPage":{"@id":"https:\/\/itwcer.com\/fr\/notre-expertise-pour-votre-application\/marquage-a-chaud-de-pieces-automobiles-daspect\/#primaryimage"},"image":{"@id":"https:\/\/itwcer.com\/fr\/notre-expertise-pour-votre-application\/marquage-a-chaud-de-pieces-automobiles-daspect\/#primaryimage"},"thumbnailUrl":"https:\/\/itwcer.com\/wp-content\/uploads\/2020\/03\/Car-Front-Grill-2N240-TCN-scaled.jpg","datePublished":"2022-11-13T01:56:31+00:00","dateModified":"2023-09-12T19:30:51+00:00","description":"Marquage \u00e0 chaud de pi\u00e8ces automobiles d'aspect et transfert sur pi\u00e8ces automobiles Int\u00e9rieures, ext\u00e9rieures et pi\u00e8ces moteur.","breadcrumb":{"@id":"https:\/\/itwcer.com\/fr\/notre-expertise-pour-votre-application\/marquage-a-chaud-de-pieces-automobiles-daspect\/#breadcrumb"},"inLanguage":"fr-FR","potentialAction":[{"@type":"ReadAction","target":["https:\/\/itwcer.com\/fr\/notre-expertise-pour-votre-application\/marquage-a-chaud-de-pieces-automobiles-daspect\/"]}]},{"@type":"ImageObject","inLanguage":"fr-FR","@id":"https:\/\/itwcer.com\/fr\/notre-expertise-pour-votre-application\/marquage-a-chaud-de-pieces-automobiles-daspect\/#primaryimage","url":"https:\/\/itwcer.com\/wp-content\/uploads\/2020\/03\/Car-Front-Grill-2N240-TCN-scaled.jpg","contentUrl":"https:\/\/itwcer.com\/wp-content\/uploads\/2020\/03\/Car-Front-Grill-2N240-TCN-scaled.jpg","width":2560,"height":1707},{"@type":"BreadcrumbList","@id":"https:\/\/itwcer.com\/fr\/notre-expertise-pour-votre-application\/marquage-a-chaud-de-pieces-automobiles-daspect\/#breadcrumb","itemListElement":[{"@type":"ListItem","position":1,"name":"Home","item":"https:\/\/itwcer.com\/fr\/"},{"@type":"ListItem","position":2,"name":"March\u00e9s","item":"https:\/\/itwcer.com\/fr\/notre-expertise-pour-votre-application\/"},{"@type":"ListItem","position":3,"name":"Automobile"}]},{"@type":"WebSite","@id":"https:\/\/itwcer.com\/fr\/#website","url":"https:\/\/itwcer.com\/fr\/","name":"ITW CER","description":"Complete Hot Stamping &amp; Heat Transfer Product Decorating Solutions","publisher":{"@id":"https:\/\/itwcer.com\/fr\/#organization"},"potentialAction":[{"@type":"SearchAction","target":{"@type":"EntryPoint","urlTemplate":"https:\/\/itwcer.com\/fr\/?s={search_term_string}"},"query-input":{"@type":"PropertyValueSpecification","valueRequired":true,"valueName":"search_term_string"}}],"inLanguage":"fr-FR"},{"@type":"Organization","@id":"https:\/\/itwcer.com\/fr\/#organization","name":"ITW CER","url":"https:\/\/itwcer.com\/fr\/","logo":{"@type":"ImageObject","inLanguage":"fr-FR","@id":"https:\/\/itwcer.com\/fr\/#\/schema\/logo\/image\/","url":"https:\/\/itwcer.com\/wp-content\/uploads\/2020\/05\/CER_Logo_Hrz_CMYK_CP_300.jpg","contentUrl":"https:\/\/itwcer.com\/wp-content\/uploads\/2020\/05\/CER_Logo_Hrz_CMYK_CP_300.jpg","width":779,"height":379,"caption":"ITW CER"},"image":{"@id":"https:\/\/itwcer.com\/fr\/#\/schema\/logo\/image\/"}}]}},"_links":{"self":[{"href":"https:\/\/itwcer.com\/fr\/wp-json\/wp\/v2\/pages\/5036","targetHints":{"allow":["GET"]}}],"collection":[{"href":"https:\/\/itwcer.com\/fr\/wp-json\/wp\/v2\/pages"}],"about":[{"href":"https:\/\/itwcer.com\/fr\/wp-json\/wp\/v2\/types\/page"}],"author":[{"embeddable":true,"href":"https:\/\/itwcer.com\/fr\/wp-json\/wp\/v2\/users\/6"}],"replies":[{"embeddable":true,"href":"https:\/\/itwcer.com\/fr\/wp-json\/wp\/v2\/comments?post=5036"}],"version-history":[{"count":0,"href":"https:\/\/itwcer.com\/fr\/wp-json\/wp\/v2\/pages\/5036\/revisions"}],"up":[{"embeddable":true,"href":"https:\/\/itwcer.com\/fr\/wp-json\/wp\/v2\/pages\/5003"}],"wp:featuredmedia":[{"embeddable":true,"href":"https:\/\/itwcer.com\/fr\/wp-json\/wp\/v2\/media\/4759"}],"wp:attachment":[{"href":"https:\/\/itwcer.com\/fr\/wp-json\/wp\/v2\/media?parent=5036"}],"curies":[{"name":"wp","href":"https:\/\/api.w.org\/{rel}","templated":true}]}}