{"id":5128,"date":"2022-11-30T00:00:56","date_gmt":"2022-11-30T00:00:56","guid":{"rendered":"https:\/\/itwcer.com\/markets\/cosmetics-personal-care\/"},"modified":"2023-09-12T19:09:03","modified_gmt":"2023-09-12T19:09:03","slug":"decoration-des-produits-cosmetiques-par-transfert-a-chaud","status":"publish","type":"page","link":"https:\/\/itwcer.com\/fr\/notre-expertise-pour-votre-application\/decoration-des-produits-cosmetiques-par-transfert-a-chaud\/","title":{"rendered":"Hygi\u00e8ne &#038; Beaut\u00e9"},"content":{"rendered":"","protected":false},"excerpt":{"rendered":"","protected":false},"author":6,"featured_media":0,"parent":5003,"menu_order":32,"comment_status":"closed","ping_status":"closed","template":"","meta":{"_acf_changed":false,"footnotes":""},"class_list":["post-5128","page","type-page","status-publish","hentry"],"acf":[],"yoast_head":"<!-- This site is optimized with the Yoast SEO plugin v27.5 - https:\/\/yoast.com\/product\/yoast-seo-wordpress\/ -->\n<title>D\u00e9coration des produits cosm\u00e9tiques et de soins ITW CER<\/title>\n<meta name=\"description\" content=\"Hygi\u00e8ne &amp; Beaut\u00e9 . ITW CER . D\u00e9coration des produits cosm\u00e9tiques et de soins par proc\u00e9d\u00e9 de marquage \u00e0 chaud et transfert d&#039;images\" \/>\n<meta name=\"robots\" content=\"index, follow, max-snippet:-1, max-image-preview:large, max-video-preview:-1\" \/>\n<link rel=\"canonical\" href=\"https:\/\/itwcer.com\/fr\/notre-expertise-pour-votre-application\/decoration-des-produits-cosmetiques-par-transfert-a-chaud\/\" \/>\n<meta property=\"og:locale\" content=\"fr_FR\" \/>\n<meta property=\"og:type\" content=\"article\" \/>\n<meta property=\"og:title\" content=\"D\u00e9coration des produits cosm\u00e9tiques et de soins ITW CER\" \/>\n<meta property=\"og:description\" content=\"Hygi\u00e8ne &amp; Beaut\u00e9 . ITW CER . D\u00e9coration des produits cosm\u00e9tiques et de soins par proc\u00e9d\u00e9 de marquage \u00e0 chaud et transfert d&#039;images\" \/>\n<meta property=\"og:url\" content=\"https:\/\/itwcer.com\/fr\/notre-expertise-pour-votre-application\/decoration-des-produits-cosmetiques-par-transfert-a-chaud\/\" \/>\n<meta property=\"og:site_name\" content=\"ITW CER\" \/>\n<meta property=\"article:modified_time\" content=\"2023-09-12T19:09:03+00:00\" \/>\n<meta name=\"twitter:card\" content=\"summary_large_image\" \/>\n<script type=\"application\/ld+json\" class=\"yoast-schema-graph\">{\"@context\":\"https:\\\/\\\/schema.org\",\"@graph\":[{\"@type\":\"WebPage\",\"@id\":\"https:\\\/\\\/itwcer.com\\\/fr\\\/notre-expertise-pour-votre-application\\\/decoration-des-produits-cosmetiques-par-transfert-a-chaud\\\/\",\"url\":\"https:\\\/\\\/itwcer.com\\\/fr\\\/notre-expertise-pour-votre-application\\\/decoration-des-produits-cosmetiques-par-transfert-a-chaud\\\/\",\"name\":\"D\u00e9coration des produits cosm\u00e9tiques et de soins ITW CER\",\"isPartOf\":{\"@id\":\"https:\\\/\\\/itwcer.com\\\/fr\\\/#website\"},\"datePublished\":\"2022-11-30T00:00:56+00:00\",\"dateModified\":\"2023-09-12T19:09:03+00:00\",\"description\":\"Hygi\u00e8ne & Beaut\u00e9 . ITW CER . D\u00e9coration des produits cosm\u00e9tiques et de soins par proc\u00e9d\u00e9 de marquage \u00e0 chaud et transfert d'images\",\"breadcrumb\":{\"@id\":\"https:\\\/\\\/itwcer.com\\\/fr\\\/notre-expertise-pour-votre-application\\\/decoration-des-produits-cosmetiques-par-transfert-a-chaud\\\/#breadcrumb\"},\"inLanguage\":\"fr-FR\",\"potentialAction\":[{\"@type\":\"ReadAction\",\"target\":[\"https:\\\/\\\/itwcer.com\\\/fr\\\/notre-expertise-pour-votre-application\\\/decoration-des-produits-cosmetiques-par-transfert-a-chaud\\\/\"]}]},{\"@type\":\"BreadcrumbList\",\"@id\":\"https:\\\/\\\/itwcer.com\\\/fr\\\/notre-expertise-pour-votre-application\\\/decoration-des-produits-cosmetiques-par-transfert-a-chaud\\\/#breadcrumb\",\"itemListElement\":[{\"@type\":\"ListItem\",\"position\":1,\"name\":\"Home\",\"item\":\"https:\\\/\\\/itwcer.com\\\/fr\\\/\"},{\"@type\":\"ListItem\",\"position\":2,\"name\":\"March\u00e9s\",\"item\":\"https:\\\/\\\/itwcer.com\\\/fr\\\/notre-expertise-pour-votre-application\\\/\"},{\"@type\":\"ListItem\",\"position\":3,\"name\":\"Hygi\u00e8ne &#038; Beaut\u00e9\"}]},{\"@type\":\"WebSite\",\"@id\":\"https:\\\/\\\/itwcer.com\\\/fr\\\/#website\",\"url\":\"https:\\\/\\\/itwcer.com\\\/fr\\\/\",\"name\":\"ITW CER\",\"description\":\"Complete Hot Stamping &amp; Heat Transfer Product Decorating Solutions\",\"publisher\":{\"@id\":\"https:\\\/\\\/itwcer.com\\\/fr\\\/#organization\"},\"potentialAction\":[{\"@type\":\"SearchAction\",\"target\":{\"@type\":\"EntryPoint\",\"urlTemplate\":\"https:\\\/\\\/itwcer.com\\\/fr\\\/?s={search_term_string}\"},\"query-input\":{\"@type\":\"PropertyValueSpecification\",\"valueRequired\":true,\"valueName\":\"search_term_string\"}}],\"inLanguage\":\"fr-FR\"},{\"@type\":\"Organization\",\"@id\":\"https:\\\/\\\/itwcer.com\\\/fr\\\/#organization\",\"name\":\"ITW CER\",\"url\":\"https:\\\/\\\/itwcer.com\\\/fr\\\/\",\"logo\":{\"@type\":\"ImageObject\",\"inLanguage\":\"fr-FR\",\"@id\":\"https:\\\/\\\/itwcer.com\\\/fr\\\/#\\\/schema\\\/logo\\\/image\\\/\",\"url\":\"https:\\\/\\\/itwcer.com\\\/wp-content\\\/uploads\\\/2020\\\/05\\\/CER_Logo_Hrz_CMYK_CP_300.jpg\",\"contentUrl\":\"https:\\\/\\\/itwcer.com\\\/wp-content\\\/uploads\\\/2020\\\/05\\\/CER_Logo_Hrz_CMYK_CP_300.jpg\",\"width\":779,\"height\":379,\"caption\":\"ITW CER\"},\"image\":{\"@id\":\"https:\\\/\\\/itwcer.com\\\/fr\\\/#\\\/schema\\\/logo\\\/image\\\/\"}}]}<\/script>\n<!-- \/ Yoast SEO plugin. -->","yoast_head_json":{"title":"D\u00e9coration des produits cosm\u00e9tiques et de soins ITW CER","description":"Hygi\u00e8ne & Beaut\u00e9 . ITW CER . D\u00e9coration des produits cosm\u00e9tiques et de soins par proc\u00e9d\u00e9 de marquage \u00e0 chaud et transfert d'images","robots":{"index":"index","follow":"follow","max-snippet":"max-snippet:-1","max-image-preview":"max-image-preview:large","max-video-preview":"max-video-preview:-1"},"canonical":"https:\/\/itwcer.com\/fr\/notre-expertise-pour-votre-application\/decoration-des-produits-cosmetiques-par-transfert-a-chaud\/","og_locale":"fr_FR","og_type":"article","og_title":"D\u00e9coration des produits cosm\u00e9tiques et de soins ITW CER","og_description":"Hygi\u00e8ne & Beaut\u00e9 . ITW CER . D\u00e9coration des produits cosm\u00e9tiques et de soins par proc\u00e9d\u00e9 de marquage \u00e0 chaud et transfert d'images","og_url":"https:\/\/itwcer.com\/fr\/notre-expertise-pour-votre-application\/decoration-des-produits-cosmetiques-par-transfert-a-chaud\/","og_site_name":"ITW CER","article_modified_time":"2023-09-12T19:09:03+00:00","twitter_card":"summary_large_image","schema":{"@context":"https:\/\/schema.org","@graph":[{"@type":"WebPage","@id":"https:\/\/itwcer.com\/fr\/notre-expertise-pour-votre-application\/decoration-des-produits-cosmetiques-par-transfert-a-chaud\/","url":"https:\/\/itwcer.com\/fr\/notre-expertise-pour-votre-application\/decoration-des-produits-cosmetiques-par-transfert-a-chaud\/","name":"D\u00e9coration des produits cosm\u00e9tiques et de soins ITW CER","isPartOf":{"@id":"https:\/\/itwcer.com\/fr\/#website"},"datePublished":"2022-11-30T00:00:56+00:00","dateModified":"2023-09-12T19:09:03+00:00","description":"Hygi\u00e8ne & Beaut\u00e9 . ITW CER . D\u00e9coration des produits cosm\u00e9tiques et de soins par proc\u00e9d\u00e9 de marquage \u00e0 chaud et transfert d'images","breadcrumb":{"@id":"https:\/\/itwcer.com\/fr\/notre-expertise-pour-votre-application\/decoration-des-produits-cosmetiques-par-transfert-a-chaud\/#breadcrumb"},"inLanguage":"fr-FR","potentialAction":[{"@type":"ReadAction","target":["https:\/\/itwcer.com\/fr\/notre-expertise-pour-votre-application\/decoration-des-produits-cosmetiques-par-transfert-a-chaud\/"]}]},{"@type":"BreadcrumbList","@id":"https:\/\/itwcer.com\/fr\/notre-expertise-pour-votre-application\/decoration-des-produits-cosmetiques-par-transfert-a-chaud\/#breadcrumb","itemListElement":[{"@type":"ListItem","position":1,"name":"Home","item":"https:\/\/itwcer.com\/fr\/"},{"@type":"ListItem","position":2,"name":"March\u00e9s","item":"https:\/\/itwcer.com\/fr\/notre-expertise-pour-votre-application\/"},{"@type":"ListItem","position":3,"name":"Hygi\u00e8ne &#038; Beaut\u00e9"}]},{"@type":"WebSite","@id":"https:\/\/itwcer.com\/fr\/#website","url":"https:\/\/itwcer.com\/fr\/","name":"ITW CER","description":"Complete Hot Stamping &amp; Heat Transfer Product Decorating Solutions","publisher":{"@id":"https:\/\/itwcer.com\/fr\/#organization"},"potentialAction":[{"@type":"SearchAction","target":{"@type":"EntryPoint","urlTemplate":"https:\/\/itwcer.com\/fr\/?s={search_term_string}"},"query-input":{"@type":"PropertyValueSpecification","valueRequired":true,"valueName":"search_term_string"}}],"inLanguage":"fr-FR"},{"@type":"Organization","@id":"https:\/\/itwcer.com\/fr\/#organization","name":"ITW CER","url":"https:\/\/itwcer.com\/fr\/","logo":{"@type":"ImageObject","inLanguage":"fr-FR","@id":"https:\/\/itwcer.com\/fr\/#\/schema\/logo\/image\/","url":"https:\/\/itwcer.com\/wp-content\/uploads\/2020\/05\/CER_Logo_Hrz_CMYK_CP_300.jpg","contentUrl":"https:\/\/itwcer.com\/wp-content\/uploads\/2020\/05\/CER_Logo_Hrz_CMYK_CP_300.jpg","width":779,"height":379,"caption":"ITW CER"},"image":{"@id":"https:\/\/itwcer.com\/fr\/#\/schema\/logo\/image\/"}}]}},"_links":{"self":[{"href":"https:\/\/itwcer.com\/fr\/wp-json\/wp\/v2\/pages\/5128","targetHints":{"allow":["GET"]}}],"collection":[{"href":"https:\/\/itwcer.com\/fr\/wp-json\/wp\/v2\/pages"}],"about":[{"href":"https:\/\/itwcer.com\/fr\/wp-json\/wp\/v2\/types\/page"}],"author":[{"embeddable":true,"href":"https:\/\/itwcer.com\/fr\/wp-json\/wp\/v2\/users\/6"}],"replies":[{"embeddable":true,"href":"https:\/\/itwcer.com\/fr\/wp-json\/wp\/v2\/comments?post=5128"}],"version-history":[{"count":0,"href":"https:\/\/itwcer.com\/fr\/wp-json\/wp\/v2\/pages\/5128\/revisions"}],"up":[{"embeddable":true,"href":"https:\/\/itwcer.com\/fr\/wp-json\/wp\/v2\/pages\/5003"}],"wp:attachment":[{"href":"https:\/\/itwcer.com\/fr\/wp-json\/wp\/v2\/media?parent=5128"}],"curies":[{"name":"wp","href":"https:\/\/api.w.org\/{rel}","templated":true}]}}