{"id":5146,"date":"2020-02-13T15:23:01","date_gmt":"2020-02-13T15:23:01","guid":{"rendered":"https:\/\/itwcer.com\/markets\/writing-implements\/"},"modified":"2023-09-12T19:14:18","modified_gmt":"2023-09-12T19:14:18","slug":"marquage-a-chaud-des-outils-decriture","status":"publish","type":"page","link":"https:\/\/itwcer.com\/fr\/notre-expertise-pour-votre-application\/marquage-a-chaud-des-outils-decriture\/","title":{"rendered":"Outils d&rsquo;\u00e9criture"},"content":{"rendered":"","protected":false},"excerpt":{"rendered":"","protected":false},"author":6,"featured_media":5257,"parent":5003,"menu_order":135,"comment_status":"closed","ping_status":"closed","template":"","meta":{"_acf_changed":false,"footnotes":""},"class_list":["post-5146","page","type-page","status-publish","has-post-thumbnail","hentry"],"acf":[],"yoast_head":"<!-- This site is optimized with the Yoast SEO plugin v27.4 - https:\/\/yoast.com\/product\/yoast-seo-wordpress\/ -->\n<title>Marquage \u00e0 chaud des outils d&#039;\u00e9criture - ITW CER<\/title>\n<meta name=\"description\" content=\"Outils d&#039;\u00e9criture . ITW CER . CER poss\u00e8de une expertise sp\u00e9cialis\u00e9e dans la d\u00e9coration outils d&#039;\u00e9criture en plastique et en bois \u00e0 des vitesses in\u00e9gal\u00e9es\" \/>\n<meta name=\"robots\" content=\"index, follow, max-snippet:-1, max-image-preview:large, max-video-preview:-1\" \/>\n<link rel=\"canonical\" href=\"https:\/\/itwcer.com\/fr\/notre-expertise-pour-votre-application\/marquage-a-chaud-des-outils-decriture\/\" \/>\n<meta property=\"og:locale\" content=\"fr_FR\" \/>\n<meta property=\"og:type\" content=\"article\" \/>\n<meta property=\"og:title\" content=\"Marquage \u00e0 chaud des outils d&#039;\u00e9criture - ITW CER\" \/>\n<meta property=\"og:description\" content=\"Outils d&#039;\u00e9criture . ITW CER . CER poss\u00e8de une expertise sp\u00e9cialis\u00e9e dans la d\u00e9coration outils d&#039;\u00e9criture en plastique et en bois \u00e0 des vitesses in\u00e9gal\u00e9es\" \/>\n<meta property=\"og:url\" content=\"https:\/\/itwcer.com\/fr\/notre-expertise-pour-votre-application\/marquage-a-chaud-des-outils-decriture\/\" \/>\n<meta property=\"og:site_name\" content=\"ITW CER\" \/>\n<meta property=\"article:modified_time\" content=\"2023-09-12T19:14:18+00:00\" \/>\n<meta property=\"og:image\" content=\"https:\/\/itwcer.com\/wp-content\/uploads\/2020\/03\/MC_V2_RETOUCH-804x1024.jpg\" \/>\n\t<meta property=\"og:image:width\" content=\"804\" \/>\n\t<meta property=\"og:image:height\" content=\"1024\" \/>\n\t<meta property=\"og:image:type\" content=\"image\/jpeg\" \/>\n<meta name=\"twitter:card\" content=\"summary_large_image\" \/>\n<script type=\"application\/ld+json\" class=\"yoast-schema-graph\">{\"@context\":\"https:\\\/\\\/schema.org\",\"@graph\":[{\"@type\":\"WebPage\",\"@id\":\"https:\\\/\\\/itwcer.com\\\/fr\\\/notre-expertise-pour-votre-application\\\/marquage-a-chaud-des-outils-decriture\\\/\",\"url\":\"https:\\\/\\\/itwcer.com\\\/fr\\\/notre-expertise-pour-votre-application\\\/marquage-a-chaud-des-outils-decriture\\\/\",\"name\":\"Marquage \u00e0 chaud des outils d'\u00e9criture - ITW CER\",\"isPartOf\":{\"@id\":\"https:\\\/\\\/itwcer.com\\\/fr\\\/#website\"},\"primaryImageOfPage\":{\"@id\":\"https:\\\/\\\/itwcer.com\\\/fr\\\/notre-expertise-pour-votre-application\\\/marquage-a-chaud-des-outils-decriture\\\/#primaryimage\"},\"image\":{\"@id\":\"https:\\\/\\\/itwcer.com\\\/fr\\\/notre-expertise-pour-votre-application\\\/marquage-a-chaud-des-outils-decriture\\\/#primaryimage\"},\"thumbnailUrl\":\"https:\\\/\\\/itwcer.com\\\/wp-content\\\/uploads\\\/2020\\\/03\\\/MC_V2_RETOUCH.jpg\",\"datePublished\":\"2020-02-13T15:23:01+00:00\",\"dateModified\":\"2023-09-12T19:14:18+00:00\",\"description\":\"Outils d'\u00e9criture . ITW CER . CER poss\u00e8de une expertise sp\u00e9cialis\u00e9e dans la d\u00e9coration outils d'\u00e9criture en plastique et en bois \u00e0 des vitesses in\u00e9gal\u00e9es\",\"breadcrumb\":{\"@id\":\"https:\\\/\\\/itwcer.com\\\/fr\\\/notre-expertise-pour-votre-application\\\/marquage-a-chaud-des-outils-decriture\\\/#breadcrumb\"},\"inLanguage\":\"fr-FR\",\"potentialAction\":[{\"@type\":\"ReadAction\",\"target\":[\"https:\\\/\\\/itwcer.com\\\/fr\\\/notre-expertise-pour-votre-application\\\/marquage-a-chaud-des-outils-decriture\\\/\"]}]},{\"@type\":\"ImageObject\",\"inLanguage\":\"fr-FR\",\"@id\":\"https:\\\/\\\/itwcer.com\\\/fr\\\/notre-expertise-pour-votre-application\\\/marquage-a-chaud-des-outils-decriture\\\/#primaryimage\",\"url\":\"https:\\\/\\\/itwcer.com\\\/wp-content\\\/uploads\\\/2020\\\/03\\\/MC_V2_RETOUCH.jpg\",\"contentUrl\":\"https:\\\/\\\/itwcer.com\\\/wp-content\\\/uploads\\\/2020\\\/03\\\/MC_V2_RETOUCH.jpg\",\"width\":2009,\"height\":2560},{\"@type\":\"BreadcrumbList\",\"@id\":\"https:\\\/\\\/itwcer.com\\\/fr\\\/notre-expertise-pour-votre-application\\\/marquage-a-chaud-des-outils-decriture\\\/#breadcrumb\",\"itemListElement\":[{\"@type\":\"ListItem\",\"position\":1,\"name\":\"Home\",\"item\":\"https:\\\/\\\/itwcer.com\\\/fr\\\/\"},{\"@type\":\"ListItem\",\"position\":2,\"name\":\"March\u00e9s\",\"item\":\"https:\\\/\\\/itwcer.com\\\/fr\\\/notre-expertise-pour-votre-application\\\/\"},{\"@type\":\"ListItem\",\"position\":3,\"name\":\"Outils d&#8217;\u00e9criture\"}]},{\"@type\":\"WebSite\",\"@id\":\"https:\\\/\\\/itwcer.com\\\/fr\\\/#website\",\"url\":\"https:\\\/\\\/itwcer.com\\\/fr\\\/\",\"name\":\"ITW CER\",\"description\":\"Complete Hot Stamping &amp; Heat Transfer Product Decorating Solutions\",\"publisher\":{\"@id\":\"https:\\\/\\\/itwcer.com\\\/fr\\\/#organization\"},\"potentialAction\":[{\"@type\":\"SearchAction\",\"target\":{\"@type\":\"EntryPoint\",\"urlTemplate\":\"https:\\\/\\\/itwcer.com\\\/fr\\\/?s={search_term_string}\"},\"query-input\":{\"@type\":\"PropertyValueSpecification\",\"valueRequired\":true,\"valueName\":\"search_term_string\"}}],\"inLanguage\":\"fr-FR\"},{\"@type\":\"Organization\",\"@id\":\"https:\\\/\\\/itwcer.com\\\/fr\\\/#organization\",\"name\":\"ITW CER\",\"url\":\"https:\\\/\\\/itwcer.com\\\/fr\\\/\",\"logo\":{\"@type\":\"ImageObject\",\"inLanguage\":\"fr-FR\",\"@id\":\"https:\\\/\\\/itwcer.com\\\/fr\\\/#\\\/schema\\\/logo\\\/image\\\/\",\"url\":\"https:\\\/\\\/itwcer.com\\\/wp-content\\\/uploads\\\/2020\\\/05\\\/CER_Logo_Hrz_CMYK_CP_300.jpg\",\"contentUrl\":\"https:\\\/\\\/itwcer.com\\\/wp-content\\\/uploads\\\/2020\\\/05\\\/CER_Logo_Hrz_CMYK_CP_300.jpg\",\"width\":779,\"height\":379,\"caption\":\"ITW CER\"},\"image\":{\"@id\":\"https:\\\/\\\/itwcer.com\\\/fr\\\/#\\\/schema\\\/logo\\\/image\\\/\"}}]}<\/script>\n<!-- \/ Yoast SEO plugin. -->","yoast_head_json":{"title":"Marquage \u00e0 chaud des outils d'\u00e9criture - ITW CER","description":"Outils d'\u00e9criture . ITW CER . CER poss\u00e8de une expertise sp\u00e9cialis\u00e9e dans la d\u00e9coration outils d'\u00e9criture en plastique et en bois \u00e0 des vitesses in\u00e9gal\u00e9es","robots":{"index":"index","follow":"follow","max-snippet":"max-snippet:-1","max-image-preview":"max-image-preview:large","max-video-preview":"max-video-preview:-1"},"canonical":"https:\/\/itwcer.com\/fr\/notre-expertise-pour-votre-application\/marquage-a-chaud-des-outils-decriture\/","og_locale":"fr_FR","og_type":"article","og_title":"Marquage \u00e0 chaud des outils d'\u00e9criture - ITW CER","og_description":"Outils d'\u00e9criture . ITW CER . CER poss\u00e8de une expertise sp\u00e9cialis\u00e9e dans la d\u00e9coration outils d'\u00e9criture en plastique et en bois \u00e0 des vitesses in\u00e9gal\u00e9es","og_url":"https:\/\/itwcer.com\/fr\/notre-expertise-pour-votre-application\/marquage-a-chaud-des-outils-decriture\/","og_site_name":"ITW CER","article_modified_time":"2023-09-12T19:14:18+00:00","og_image":[{"width":804,"height":1024,"url":"https:\/\/itwcer.com\/wp-content\/uploads\/2020\/03\/MC_V2_RETOUCH-804x1024.jpg","type":"image\/jpeg"}],"twitter_card":"summary_large_image","schema":{"@context":"https:\/\/schema.org","@graph":[{"@type":"WebPage","@id":"https:\/\/itwcer.com\/fr\/notre-expertise-pour-votre-application\/marquage-a-chaud-des-outils-decriture\/","url":"https:\/\/itwcer.com\/fr\/notre-expertise-pour-votre-application\/marquage-a-chaud-des-outils-decriture\/","name":"Marquage \u00e0 chaud des outils d'\u00e9criture - ITW CER","isPartOf":{"@id":"https:\/\/itwcer.com\/fr\/#website"},"primaryImageOfPage":{"@id":"https:\/\/itwcer.com\/fr\/notre-expertise-pour-votre-application\/marquage-a-chaud-des-outils-decriture\/#primaryimage"},"image":{"@id":"https:\/\/itwcer.com\/fr\/notre-expertise-pour-votre-application\/marquage-a-chaud-des-outils-decriture\/#primaryimage"},"thumbnailUrl":"https:\/\/itwcer.com\/wp-content\/uploads\/2020\/03\/MC_V2_RETOUCH.jpg","datePublished":"2020-02-13T15:23:01+00:00","dateModified":"2023-09-12T19:14:18+00:00","description":"Outils d'\u00e9criture . ITW CER . CER poss\u00e8de une expertise sp\u00e9cialis\u00e9e dans la d\u00e9coration outils d'\u00e9criture en plastique et en bois \u00e0 des vitesses in\u00e9gal\u00e9es","breadcrumb":{"@id":"https:\/\/itwcer.com\/fr\/notre-expertise-pour-votre-application\/marquage-a-chaud-des-outils-decriture\/#breadcrumb"},"inLanguage":"fr-FR","potentialAction":[{"@type":"ReadAction","target":["https:\/\/itwcer.com\/fr\/notre-expertise-pour-votre-application\/marquage-a-chaud-des-outils-decriture\/"]}]},{"@type":"ImageObject","inLanguage":"fr-FR","@id":"https:\/\/itwcer.com\/fr\/notre-expertise-pour-votre-application\/marquage-a-chaud-des-outils-decriture\/#primaryimage","url":"https:\/\/itwcer.com\/wp-content\/uploads\/2020\/03\/MC_V2_RETOUCH.jpg","contentUrl":"https:\/\/itwcer.com\/wp-content\/uploads\/2020\/03\/MC_V2_RETOUCH.jpg","width":2009,"height":2560},{"@type":"BreadcrumbList","@id":"https:\/\/itwcer.com\/fr\/notre-expertise-pour-votre-application\/marquage-a-chaud-des-outils-decriture\/#breadcrumb","itemListElement":[{"@type":"ListItem","position":1,"name":"Home","item":"https:\/\/itwcer.com\/fr\/"},{"@type":"ListItem","position":2,"name":"March\u00e9s","item":"https:\/\/itwcer.com\/fr\/notre-expertise-pour-votre-application\/"},{"@type":"ListItem","position":3,"name":"Outils d&#8217;\u00e9criture"}]},{"@type":"WebSite","@id":"https:\/\/itwcer.com\/fr\/#website","url":"https:\/\/itwcer.com\/fr\/","name":"ITW CER","description":"Complete Hot Stamping &amp; Heat Transfer Product Decorating Solutions","publisher":{"@id":"https:\/\/itwcer.com\/fr\/#organization"},"potentialAction":[{"@type":"SearchAction","target":{"@type":"EntryPoint","urlTemplate":"https:\/\/itwcer.com\/fr\/?s={search_term_string}"},"query-input":{"@type":"PropertyValueSpecification","valueRequired":true,"valueName":"search_term_string"}}],"inLanguage":"fr-FR"},{"@type":"Organization","@id":"https:\/\/itwcer.com\/fr\/#organization","name":"ITW CER","url":"https:\/\/itwcer.com\/fr\/","logo":{"@type":"ImageObject","inLanguage":"fr-FR","@id":"https:\/\/itwcer.com\/fr\/#\/schema\/logo\/image\/","url":"https:\/\/itwcer.com\/wp-content\/uploads\/2020\/05\/CER_Logo_Hrz_CMYK_CP_300.jpg","contentUrl":"https:\/\/itwcer.com\/wp-content\/uploads\/2020\/05\/CER_Logo_Hrz_CMYK_CP_300.jpg","width":779,"height":379,"caption":"ITW CER"},"image":{"@id":"https:\/\/itwcer.com\/fr\/#\/schema\/logo\/image\/"}}]}},"_links":{"self":[{"href":"https:\/\/itwcer.com\/fr\/wp-json\/wp\/v2\/pages\/5146","targetHints":{"allow":["GET"]}}],"collection":[{"href":"https:\/\/itwcer.com\/fr\/wp-json\/wp\/v2\/pages"}],"about":[{"href":"https:\/\/itwcer.com\/fr\/wp-json\/wp\/v2\/types\/page"}],"author":[{"embeddable":true,"href":"https:\/\/itwcer.com\/fr\/wp-json\/wp\/v2\/users\/6"}],"replies":[{"embeddable":true,"href":"https:\/\/itwcer.com\/fr\/wp-json\/wp\/v2\/comments?post=5146"}],"version-history":[{"count":0,"href":"https:\/\/itwcer.com\/fr\/wp-json\/wp\/v2\/pages\/5146\/revisions"}],"up":[{"embeddable":true,"href":"https:\/\/itwcer.com\/fr\/wp-json\/wp\/v2\/pages\/5003"}],"wp:featuredmedia":[{"embeddable":true,"href":"https:\/\/itwcer.com\/fr\/wp-json\/wp\/v2\/media\/5257"}],"wp:attachment":[{"href":"https:\/\/itwcer.com\/fr\/wp-json\/wp\/v2\/media?parent=5146"}],"curies":[{"name":"wp","href":"https:\/\/api.w.org\/{rel}","templated":true}]}}