{"id":5305,"date":"2023-03-25T20:03:15","date_gmt":"2023-03-25T20:03:15","guid":{"rendered":"https:\/\/itwcer.com\/options\/support-page-1\/"},"modified":"2023-06-30T08:49:56","modified_gmt":"2023-06-30T08:49:56","slug":"machines-de-marquage-a-chaud-disponibles","status":"publish","type":"page","link":"https:\/\/itwcer.com\/fr\/options\/machines-de-marquage-a-chaud-disponibles\/","title":{"rendered":"Machines de stock"},"content":{"rendered":"","protected":false},"excerpt":{"rendered":"","protected":false},"author":6,"featured_media":0,"parent":5245,"menu_order":113,"comment_status":"closed","ping_status":"closed","template":"","meta":{"_acf_changed":false,"footnotes":""},"class_list":["post-5305","page","type-page","status-publish","hentry"],"acf":[],"yoast_head":"<!-- This site is optimized with the Yoast SEO plugin v27.4 - https:\/\/yoast.com\/product\/yoast-seo-wordpress\/ -->\n<title>Machines de stock - ITW CER Machines de marquage \u00e0 chaud disponibles !<\/title>\n<meta name=\"description\" content=\"ITW CER - Machines de stock - D\u00e9couvrez nos machines de marquage \u00e0 chaud disponibles d\u00e8s maintenant ! D\u00e9lais de livraisons rapides.\" \/>\n<meta name=\"robots\" content=\"index, follow, max-snippet:-1, max-image-preview:large, max-video-preview:-1\" \/>\n<link rel=\"canonical\" href=\"https:\/\/itwcer.com\/fr\/options\/machines-de-marquage-a-chaud-disponibles\/\" \/>\n<meta property=\"og:locale\" content=\"fr_FR\" \/>\n<meta property=\"og:type\" content=\"article\" \/>\n<meta property=\"og:title\" content=\"Machines de stock - ITW CER Machines de marquage \u00e0 chaud disponibles !\" \/>\n<meta property=\"og:description\" content=\"ITW CER - Machines de stock - D\u00e9couvrez nos machines de marquage \u00e0 chaud disponibles d\u00e8s maintenant ! D\u00e9lais de livraisons rapides.\" \/>\n<meta property=\"og:url\" content=\"https:\/\/itwcer.com\/fr\/options\/machines-de-marquage-a-chaud-disponibles\/\" \/>\n<meta property=\"og:site_name\" content=\"ITW CER\" \/>\n<meta property=\"article:modified_time\" content=\"2023-06-30T08:49:56+00:00\" \/>\n<meta name=\"twitter:card\" content=\"summary_large_image\" \/>\n<script type=\"application\/ld+json\" class=\"yoast-schema-graph\">{\"@context\":\"https:\\\/\\\/schema.org\",\"@graph\":[{\"@type\":\"WebPage\",\"@id\":\"https:\\\/\\\/itwcer.com\\\/fr\\\/options\\\/machines-de-marquage-a-chaud-disponibles\\\/\",\"url\":\"https:\\\/\\\/itwcer.com\\\/fr\\\/options\\\/machines-de-marquage-a-chaud-disponibles\\\/\",\"name\":\"Machines de stock - ITW CER Machines de marquage \u00e0 chaud disponibles !\",\"isPartOf\":{\"@id\":\"https:\\\/\\\/itwcer.com\\\/fr\\\/#website\"},\"datePublished\":\"2023-03-25T20:03:15+00:00\",\"dateModified\":\"2023-06-30T08:49:56+00:00\",\"description\":\"ITW CER - Machines de stock - D\u00e9couvrez nos machines de marquage \u00e0 chaud disponibles d\u00e8s maintenant ! D\u00e9lais de livraisons rapides.\",\"breadcrumb\":{\"@id\":\"https:\\\/\\\/itwcer.com\\\/fr\\\/options\\\/machines-de-marquage-a-chaud-disponibles\\\/#breadcrumb\"},\"inLanguage\":\"fr-FR\",\"potentialAction\":[{\"@type\":\"ReadAction\",\"target\":[\"https:\\\/\\\/itwcer.com\\\/fr\\\/options\\\/machines-de-marquage-a-chaud-disponibles\\\/\"]}]},{\"@type\":\"BreadcrumbList\",\"@id\":\"https:\\\/\\\/itwcer.com\\\/fr\\\/options\\\/machines-de-marquage-a-chaud-disponibles\\\/#breadcrumb\",\"itemListElement\":[{\"@type\":\"ListItem\",\"position\":1,\"name\":\"Home\",\"item\":\"https:\\\/\\\/itwcer.com\\\/fr\\\/\"},{\"@type\":\"ListItem\",\"position\":2,\"name\":\"Options\",\"item\":\"https:\\\/\\\/itwcer.com\\\/fr\\\/options\\\/\"},{\"@type\":\"ListItem\",\"position\":3,\"name\":\"Machines de stock\"}]},{\"@type\":\"WebSite\",\"@id\":\"https:\\\/\\\/itwcer.com\\\/fr\\\/#website\",\"url\":\"https:\\\/\\\/itwcer.com\\\/fr\\\/\",\"name\":\"ITW CER\",\"description\":\"Complete Hot Stamping &amp; Heat Transfer Product Decorating Solutions\",\"publisher\":{\"@id\":\"https:\\\/\\\/itwcer.com\\\/fr\\\/#organization\"},\"potentialAction\":[{\"@type\":\"SearchAction\",\"target\":{\"@type\":\"EntryPoint\",\"urlTemplate\":\"https:\\\/\\\/itwcer.com\\\/fr\\\/?s={search_term_string}\"},\"query-input\":{\"@type\":\"PropertyValueSpecification\",\"valueRequired\":true,\"valueName\":\"search_term_string\"}}],\"inLanguage\":\"fr-FR\"},{\"@type\":\"Organization\",\"@id\":\"https:\\\/\\\/itwcer.com\\\/fr\\\/#organization\",\"name\":\"ITW CER\",\"url\":\"https:\\\/\\\/itwcer.com\\\/fr\\\/\",\"logo\":{\"@type\":\"ImageObject\",\"inLanguage\":\"fr-FR\",\"@id\":\"https:\\\/\\\/itwcer.com\\\/fr\\\/#\\\/schema\\\/logo\\\/image\\\/\",\"url\":\"https:\\\/\\\/itwcer.com\\\/wp-content\\\/uploads\\\/2020\\\/05\\\/CER_Logo_Hrz_CMYK_CP_300.jpg\",\"contentUrl\":\"https:\\\/\\\/itwcer.com\\\/wp-content\\\/uploads\\\/2020\\\/05\\\/CER_Logo_Hrz_CMYK_CP_300.jpg\",\"width\":779,\"height\":379,\"caption\":\"ITW CER\"},\"image\":{\"@id\":\"https:\\\/\\\/itwcer.com\\\/fr\\\/#\\\/schema\\\/logo\\\/image\\\/\"}}]}<\/script>\n<!-- \/ Yoast SEO plugin. -->","yoast_head_json":{"title":"Machines de stock - ITW CER Machines de marquage \u00e0 chaud disponibles !","description":"ITW CER - Machines de stock - D\u00e9couvrez nos machines de marquage \u00e0 chaud disponibles d\u00e8s maintenant ! D\u00e9lais de livraisons rapides.","robots":{"index":"index","follow":"follow","max-snippet":"max-snippet:-1","max-image-preview":"max-image-preview:large","max-video-preview":"max-video-preview:-1"},"canonical":"https:\/\/itwcer.com\/fr\/options\/machines-de-marquage-a-chaud-disponibles\/","og_locale":"fr_FR","og_type":"article","og_title":"Machines de stock - ITW CER Machines de marquage \u00e0 chaud disponibles !","og_description":"ITW CER - Machines de stock - D\u00e9couvrez nos machines de marquage \u00e0 chaud disponibles d\u00e8s maintenant ! D\u00e9lais de livraisons rapides.","og_url":"https:\/\/itwcer.com\/fr\/options\/machines-de-marquage-a-chaud-disponibles\/","og_site_name":"ITW CER","article_modified_time":"2023-06-30T08:49:56+00:00","twitter_card":"summary_large_image","schema":{"@context":"https:\/\/schema.org","@graph":[{"@type":"WebPage","@id":"https:\/\/itwcer.com\/fr\/options\/machines-de-marquage-a-chaud-disponibles\/","url":"https:\/\/itwcer.com\/fr\/options\/machines-de-marquage-a-chaud-disponibles\/","name":"Machines de stock - ITW CER Machines de marquage \u00e0 chaud disponibles !","isPartOf":{"@id":"https:\/\/itwcer.com\/fr\/#website"},"datePublished":"2023-03-25T20:03:15+00:00","dateModified":"2023-06-30T08:49:56+00:00","description":"ITW CER - Machines de stock - D\u00e9couvrez nos machines de marquage \u00e0 chaud disponibles d\u00e8s maintenant ! D\u00e9lais de livraisons rapides.","breadcrumb":{"@id":"https:\/\/itwcer.com\/fr\/options\/machines-de-marquage-a-chaud-disponibles\/#breadcrumb"},"inLanguage":"fr-FR","potentialAction":[{"@type":"ReadAction","target":["https:\/\/itwcer.com\/fr\/options\/machines-de-marquage-a-chaud-disponibles\/"]}]},{"@type":"BreadcrumbList","@id":"https:\/\/itwcer.com\/fr\/options\/machines-de-marquage-a-chaud-disponibles\/#breadcrumb","itemListElement":[{"@type":"ListItem","position":1,"name":"Home","item":"https:\/\/itwcer.com\/fr\/"},{"@type":"ListItem","position":2,"name":"Options","item":"https:\/\/itwcer.com\/fr\/options\/"},{"@type":"ListItem","position":3,"name":"Machines de stock"}]},{"@type":"WebSite","@id":"https:\/\/itwcer.com\/fr\/#website","url":"https:\/\/itwcer.com\/fr\/","name":"ITW CER","description":"Complete Hot Stamping &amp; Heat Transfer Product Decorating Solutions","publisher":{"@id":"https:\/\/itwcer.com\/fr\/#organization"},"potentialAction":[{"@type":"SearchAction","target":{"@type":"EntryPoint","urlTemplate":"https:\/\/itwcer.com\/fr\/?s={search_term_string}"},"query-input":{"@type":"PropertyValueSpecification","valueRequired":true,"valueName":"search_term_string"}}],"inLanguage":"fr-FR"},{"@type":"Organization","@id":"https:\/\/itwcer.com\/fr\/#organization","name":"ITW CER","url":"https:\/\/itwcer.com\/fr\/","logo":{"@type":"ImageObject","inLanguage":"fr-FR","@id":"https:\/\/itwcer.com\/fr\/#\/schema\/logo\/image\/","url":"https:\/\/itwcer.com\/wp-content\/uploads\/2020\/05\/CER_Logo_Hrz_CMYK_CP_300.jpg","contentUrl":"https:\/\/itwcer.com\/wp-content\/uploads\/2020\/05\/CER_Logo_Hrz_CMYK_CP_300.jpg","width":779,"height":379,"caption":"ITW CER"},"image":{"@id":"https:\/\/itwcer.com\/fr\/#\/schema\/logo\/image\/"}}]}},"_links":{"self":[{"href":"https:\/\/itwcer.com\/fr\/wp-json\/wp\/v2\/pages\/5305","targetHints":{"allow":["GET"]}}],"collection":[{"href":"https:\/\/itwcer.com\/fr\/wp-json\/wp\/v2\/pages"}],"about":[{"href":"https:\/\/itwcer.com\/fr\/wp-json\/wp\/v2\/types\/page"}],"author":[{"embeddable":true,"href":"https:\/\/itwcer.com\/fr\/wp-json\/wp\/v2\/users\/6"}],"replies":[{"embeddable":true,"href":"https:\/\/itwcer.com\/fr\/wp-json\/wp\/v2\/comments?post=5305"}],"version-history":[{"count":0,"href":"https:\/\/itwcer.com\/fr\/wp-json\/wp\/v2\/pages\/5305\/revisions"}],"up":[{"embeddable":true,"href":"https:\/\/itwcer.com\/fr\/wp-json\/wp\/v2\/pages\/5245"}],"wp:attachment":[{"href":"https:\/\/itwcer.com\/fr\/wp-json\/wp\/v2\/media?parent=5305"}],"curies":[{"name":"wp","href":"https:\/\/api.w.org\/{rel}","templated":true}]}}