{"id":5403,"date":"2023-11-08T00:00:26","date_gmt":"2023-11-08T00:00:26","guid":{"rendered":"https:\/\/itwcer.com\/consumables\/decorating-consumables\/dies\/"},"modified":"2023-11-09T20:25:18","modified_gmt":"2023-11-09T20:25:18","slug":"poincons-silicone-et-fers-a-dorer","status":"publish","type":"page","link":"https:\/\/itwcer.com\/fr\/fournitures-pour-marquage-a-chaud-et-thermoscellage\/decorating-consumables\/poincons-silicone-et-fers-a-dorer\/","title":{"rendered":"Poin\u00e7ons"},"content":{"rendered":"","protected":false},"excerpt":{"rendered":"","protected":false},"author":6,"featured_media":4894,"parent":5381,"menu_order":38,"comment_status":"closed","ping_status":"closed","template":"","meta":{"_acf_changed":false,"footnotes":""},"class_list":["post-5403","page","type-page","status-publish","has-post-thumbnail","hentry"],"acf":[],"yoast_head":"<!-- This site is optimized with the Yoast SEO plugin v27.6 - https:\/\/yoast.com\/product\/yoast-seo-wordpress\/ -->\n<title>Poin\u00e7ons silicone et fers \u00e0 dorer - ITW CER<\/title>\n<meta name=\"description\" content=\"Notre grande vari\u00e9t\u00e9 de poin\u00e7ons silicone et fers \u00e0 dorer vous permet d&#039;identifier une solution parfaitement adapt\u00e9e \u00e0 votre d\u00e9coration.\" \/>\n<meta name=\"robots\" content=\"index, follow, max-snippet:-1, max-image-preview:large, max-video-preview:-1\" \/>\n<link rel=\"canonical\" href=\"https:\/\/itwcer.com\/fr\/fournitures-pour-marquage-a-chaud-et-thermoscellage\/decorating-consumables\/poincons-silicone-et-fers-a-dorer\/\" \/>\n<meta property=\"og:locale\" content=\"fr_FR\" \/>\n<meta property=\"og:type\" content=\"article\" \/>\n<meta property=\"og:title\" content=\"Poin\u00e7ons silicone et fers \u00e0 dorer - ITW CER\" \/>\n<meta property=\"og:description\" content=\"Notre grande vari\u00e9t\u00e9 de poin\u00e7ons silicone et fers \u00e0 dorer vous permet d&#039;identifier une solution parfaitement adapt\u00e9e \u00e0 votre d\u00e9coration.\" \/>\n<meta property=\"og:url\" content=\"https:\/\/itwcer.com\/fr\/fournitures-pour-marquage-a-chaud-et-thermoscellage\/decorating-consumables\/poincons-silicone-et-fers-a-dorer\/\" \/>\n<meta property=\"og:site_name\" content=\"ITW CER\" \/>\n<meta property=\"article:modified_time\" content=\"2023-11-09T20:25:18+00:00\" \/>\n<meta property=\"og:image\" content=\"https:\/\/itwcer.com\/wp-content\/uploads\/2020\/03\/Lancia-Grid-Die-1.jpg\" \/>\n\t<meta property=\"og:image:width\" content=\"978\" \/>\n\t<meta property=\"og:image:height\" content=\"593\" \/>\n\t<meta property=\"og:image:type\" content=\"image\/jpeg\" \/>\n<meta name=\"twitter:card\" content=\"summary_large_image\" \/>\n<script type=\"application\/ld+json\" class=\"yoast-schema-graph\">{\"@context\":\"https:\\\/\\\/schema.org\",\"@graph\":[{\"@type\":\"WebPage\",\"@id\":\"https:\\\/\\\/itwcer.com\\\/fr\\\/fournitures-pour-marquage-a-chaud-et-thermoscellage\\\/decorating-consumables\\\/poincons-silicone-et-fers-a-dorer\\\/\",\"url\":\"https:\\\/\\\/itwcer.com\\\/fr\\\/fournitures-pour-marquage-a-chaud-et-thermoscellage\\\/decorating-consumables\\\/poincons-silicone-et-fers-a-dorer\\\/\",\"name\":\"Poin\u00e7ons silicone et fers \u00e0 dorer - ITW CER\",\"isPartOf\":{\"@id\":\"https:\\\/\\\/itwcer.com\\\/fr\\\/#website\"},\"primaryImageOfPage\":{\"@id\":\"https:\\\/\\\/itwcer.com\\\/fr\\\/fournitures-pour-marquage-a-chaud-et-thermoscellage\\\/decorating-consumables\\\/poincons-silicone-et-fers-a-dorer\\\/#primaryimage\"},\"image\":{\"@id\":\"https:\\\/\\\/itwcer.com\\\/fr\\\/fournitures-pour-marquage-a-chaud-et-thermoscellage\\\/decorating-consumables\\\/poincons-silicone-et-fers-a-dorer\\\/#primaryimage\"},\"thumbnailUrl\":\"https:\\\/\\\/itwcer.com\\\/wp-content\\\/uploads\\\/2020\\\/03\\\/Lancia-Grid-Die-1.jpg\",\"datePublished\":\"2023-11-08T00:00:26+00:00\",\"dateModified\":\"2023-11-09T20:25:18+00:00\",\"description\":\"Notre grande vari\u00e9t\u00e9 de poin\u00e7ons silicone et fers \u00e0 dorer vous permet d'identifier une solution parfaitement adapt\u00e9e \u00e0 votre d\u00e9coration.\",\"breadcrumb\":{\"@id\":\"https:\\\/\\\/itwcer.com\\\/fr\\\/fournitures-pour-marquage-a-chaud-et-thermoscellage\\\/decorating-consumables\\\/poincons-silicone-et-fers-a-dorer\\\/#breadcrumb\"},\"inLanguage\":\"fr-FR\",\"potentialAction\":[{\"@type\":\"ReadAction\",\"target\":[\"https:\\\/\\\/itwcer.com\\\/fr\\\/fournitures-pour-marquage-a-chaud-et-thermoscellage\\\/decorating-consumables\\\/poincons-silicone-et-fers-a-dorer\\\/\"]}]},{\"@type\":\"ImageObject\",\"inLanguage\":\"fr-FR\",\"@id\":\"https:\\\/\\\/itwcer.com\\\/fr\\\/fournitures-pour-marquage-a-chaud-et-thermoscellage\\\/decorating-consumables\\\/poincons-silicone-et-fers-a-dorer\\\/#primaryimage\",\"url\":\"https:\\\/\\\/itwcer.com\\\/wp-content\\\/uploads\\\/2020\\\/03\\\/Lancia-Grid-Die-1.jpg\",\"contentUrl\":\"https:\\\/\\\/itwcer.com\\\/wp-content\\\/uploads\\\/2020\\\/03\\\/Lancia-Grid-Die-1.jpg\",\"width\":978,\"height\":593,\"caption\":\"Poin\u00e7ons silicone et fers \u00e0 dorer\"},{\"@type\":\"BreadcrumbList\",\"@id\":\"https:\\\/\\\/itwcer.com\\\/fr\\\/fournitures-pour-marquage-a-chaud-et-thermoscellage\\\/decorating-consumables\\\/poincons-silicone-et-fers-a-dorer\\\/#breadcrumb\",\"itemListElement\":[{\"@type\":\"ListItem\",\"position\":1,\"name\":\"Home\",\"item\":\"https:\\\/\\\/itwcer.com\\\/fr\\\/\"},{\"@type\":\"ListItem\",\"position\":2,\"name\":\"Consommables\",\"item\":\"https:\\\/\\\/itwcer.com\\\/fr\\\/fournitures-pour-marquage-a-chaud-et-thermoscellage\\\/\"},{\"@type\":\"ListItem\",\"position\":3,\"name\":\"Consommables pour la d\u00e9coration\",\"item\":\"https:\\\/\\\/itwcer.com\\\/fr\\\/fournitures-pour-marquage-a-chaud-et-thermoscellage\\\/decorating-consumables\\\/\"},{\"@type\":\"ListItem\",\"position\":4,\"name\":\"Poin\u00e7ons\"}]},{\"@type\":\"WebSite\",\"@id\":\"https:\\\/\\\/itwcer.com\\\/fr\\\/#website\",\"url\":\"https:\\\/\\\/itwcer.com\\\/fr\\\/\",\"name\":\"ITW CER\",\"description\":\"Complete Hot Stamping &amp; Heat Transfer Product Decorating Solutions\",\"publisher\":{\"@id\":\"https:\\\/\\\/itwcer.com\\\/fr\\\/#organization\"},\"potentialAction\":[{\"@type\":\"SearchAction\",\"target\":{\"@type\":\"EntryPoint\",\"urlTemplate\":\"https:\\\/\\\/itwcer.com\\\/fr\\\/?s={search_term_string}\"},\"query-input\":{\"@type\":\"PropertyValueSpecification\",\"valueRequired\":true,\"valueName\":\"search_term_string\"}}],\"inLanguage\":\"fr-FR\"},{\"@type\":\"Organization\",\"@id\":\"https:\\\/\\\/itwcer.com\\\/fr\\\/#organization\",\"name\":\"ITW CER\",\"url\":\"https:\\\/\\\/itwcer.com\\\/fr\\\/\",\"logo\":{\"@type\":\"ImageObject\",\"inLanguage\":\"fr-FR\",\"@id\":\"https:\\\/\\\/itwcer.com\\\/fr\\\/#\\\/schema\\\/logo\\\/image\\\/\",\"url\":\"https:\\\/\\\/itwcer.com\\\/wp-content\\\/uploads\\\/2020\\\/05\\\/CER_Logo_Hrz_CMYK_CP_300.jpg\",\"contentUrl\":\"https:\\\/\\\/itwcer.com\\\/wp-content\\\/uploads\\\/2020\\\/05\\\/CER_Logo_Hrz_CMYK_CP_300.jpg\",\"width\":779,\"height\":379,\"caption\":\"ITW CER\"},\"image\":{\"@id\":\"https:\\\/\\\/itwcer.com\\\/fr\\\/#\\\/schema\\\/logo\\\/image\\\/\"}}]}<\/script>\n<!-- \/ Yoast SEO plugin. -->","yoast_head_json":{"title":"Poin\u00e7ons silicone et fers \u00e0 dorer - ITW CER","description":"Notre grande vari\u00e9t\u00e9 de poin\u00e7ons silicone et fers \u00e0 dorer vous permet d'identifier une solution parfaitement adapt\u00e9e \u00e0 votre d\u00e9coration.","robots":{"index":"index","follow":"follow","max-snippet":"max-snippet:-1","max-image-preview":"max-image-preview:large","max-video-preview":"max-video-preview:-1"},"canonical":"https:\/\/itwcer.com\/fr\/fournitures-pour-marquage-a-chaud-et-thermoscellage\/decorating-consumables\/poincons-silicone-et-fers-a-dorer\/","og_locale":"fr_FR","og_type":"article","og_title":"Poin\u00e7ons silicone et fers \u00e0 dorer - ITW CER","og_description":"Notre grande vari\u00e9t\u00e9 de poin\u00e7ons silicone et fers \u00e0 dorer vous permet d'identifier une solution parfaitement adapt\u00e9e \u00e0 votre d\u00e9coration.","og_url":"https:\/\/itwcer.com\/fr\/fournitures-pour-marquage-a-chaud-et-thermoscellage\/decorating-consumables\/poincons-silicone-et-fers-a-dorer\/","og_site_name":"ITW CER","article_modified_time":"2023-11-09T20:25:18+00:00","og_image":[{"width":978,"height":593,"url":"https:\/\/itwcer.com\/wp-content\/uploads\/2020\/03\/Lancia-Grid-Die-1.jpg","type":"image\/jpeg"}],"twitter_card":"summary_large_image","schema":{"@context":"https:\/\/schema.org","@graph":[{"@type":"WebPage","@id":"https:\/\/itwcer.com\/fr\/fournitures-pour-marquage-a-chaud-et-thermoscellage\/decorating-consumables\/poincons-silicone-et-fers-a-dorer\/","url":"https:\/\/itwcer.com\/fr\/fournitures-pour-marquage-a-chaud-et-thermoscellage\/decorating-consumables\/poincons-silicone-et-fers-a-dorer\/","name":"Poin\u00e7ons silicone et fers \u00e0 dorer - ITW CER","isPartOf":{"@id":"https:\/\/itwcer.com\/fr\/#website"},"primaryImageOfPage":{"@id":"https:\/\/itwcer.com\/fr\/fournitures-pour-marquage-a-chaud-et-thermoscellage\/decorating-consumables\/poincons-silicone-et-fers-a-dorer\/#primaryimage"},"image":{"@id":"https:\/\/itwcer.com\/fr\/fournitures-pour-marquage-a-chaud-et-thermoscellage\/decorating-consumables\/poincons-silicone-et-fers-a-dorer\/#primaryimage"},"thumbnailUrl":"https:\/\/itwcer.com\/wp-content\/uploads\/2020\/03\/Lancia-Grid-Die-1.jpg","datePublished":"2023-11-08T00:00:26+00:00","dateModified":"2023-11-09T20:25:18+00:00","description":"Notre grande vari\u00e9t\u00e9 de poin\u00e7ons silicone et fers \u00e0 dorer vous permet d'identifier une solution parfaitement adapt\u00e9e \u00e0 votre d\u00e9coration.","breadcrumb":{"@id":"https:\/\/itwcer.com\/fr\/fournitures-pour-marquage-a-chaud-et-thermoscellage\/decorating-consumables\/poincons-silicone-et-fers-a-dorer\/#breadcrumb"},"inLanguage":"fr-FR","potentialAction":[{"@type":"ReadAction","target":["https:\/\/itwcer.com\/fr\/fournitures-pour-marquage-a-chaud-et-thermoscellage\/decorating-consumables\/poincons-silicone-et-fers-a-dorer\/"]}]},{"@type":"ImageObject","inLanguage":"fr-FR","@id":"https:\/\/itwcer.com\/fr\/fournitures-pour-marquage-a-chaud-et-thermoscellage\/decorating-consumables\/poincons-silicone-et-fers-a-dorer\/#primaryimage","url":"https:\/\/itwcer.com\/wp-content\/uploads\/2020\/03\/Lancia-Grid-Die-1.jpg","contentUrl":"https:\/\/itwcer.com\/wp-content\/uploads\/2020\/03\/Lancia-Grid-Die-1.jpg","width":978,"height":593,"caption":"Poin\u00e7ons silicone et fers \u00e0 dorer"},{"@type":"BreadcrumbList","@id":"https:\/\/itwcer.com\/fr\/fournitures-pour-marquage-a-chaud-et-thermoscellage\/decorating-consumables\/poincons-silicone-et-fers-a-dorer\/#breadcrumb","itemListElement":[{"@type":"ListItem","position":1,"name":"Home","item":"https:\/\/itwcer.com\/fr\/"},{"@type":"ListItem","position":2,"name":"Consommables","item":"https:\/\/itwcer.com\/fr\/fournitures-pour-marquage-a-chaud-et-thermoscellage\/"},{"@type":"ListItem","position":3,"name":"Consommables pour la d\u00e9coration","item":"https:\/\/itwcer.com\/fr\/fournitures-pour-marquage-a-chaud-et-thermoscellage\/decorating-consumables\/"},{"@type":"ListItem","position":4,"name":"Poin\u00e7ons"}]},{"@type":"WebSite","@id":"https:\/\/itwcer.com\/fr\/#website","url":"https:\/\/itwcer.com\/fr\/","name":"ITW CER","description":"Complete Hot Stamping &amp; Heat Transfer Product Decorating Solutions","publisher":{"@id":"https:\/\/itwcer.com\/fr\/#organization"},"potentialAction":[{"@type":"SearchAction","target":{"@type":"EntryPoint","urlTemplate":"https:\/\/itwcer.com\/fr\/?s={search_term_string}"},"query-input":{"@type":"PropertyValueSpecification","valueRequired":true,"valueName":"search_term_string"}}],"inLanguage":"fr-FR"},{"@type":"Organization","@id":"https:\/\/itwcer.com\/fr\/#organization","name":"ITW CER","url":"https:\/\/itwcer.com\/fr\/","logo":{"@type":"ImageObject","inLanguage":"fr-FR","@id":"https:\/\/itwcer.com\/fr\/#\/schema\/logo\/image\/","url":"https:\/\/itwcer.com\/wp-content\/uploads\/2020\/05\/CER_Logo_Hrz_CMYK_CP_300.jpg","contentUrl":"https:\/\/itwcer.com\/wp-content\/uploads\/2020\/05\/CER_Logo_Hrz_CMYK_CP_300.jpg","width":779,"height":379,"caption":"ITW CER"},"image":{"@id":"https:\/\/itwcer.com\/fr\/#\/schema\/logo\/image\/"}}]}},"_links":{"self":[{"href":"https:\/\/itwcer.com\/fr\/wp-json\/wp\/v2\/pages\/5403","targetHints":{"allow":["GET"]}}],"collection":[{"href":"https:\/\/itwcer.com\/fr\/wp-json\/wp\/v2\/pages"}],"about":[{"href":"https:\/\/itwcer.com\/fr\/wp-json\/wp\/v2\/types\/page"}],"author":[{"embeddable":true,"href":"https:\/\/itwcer.com\/fr\/wp-json\/wp\/v2\/users\/6"}],"replies":[{"embeddable":true,"href":"https:\/\/itwcer.com\/fr\/wp-json\/wp\/v2\/comments?post=5403"}],"version-history":[{"count":0,"href":"https:\/\/itwcer.com\/fr\/wp-json\/wp\/v2\/pages\/5403\/revisions"}],"up":[{"embeddable":true,"href":"https:\/\/itwcer.com\/fr\/wp-json\/wp\/v2\/pages\/5381"}],"wp:featuredmedia":[{"embeddable":true,"href":"https:\/\/itwcer.com\/fr\/wp-json\/wp\/v2\/media\/4894"}],"wp:attachment":[{"href":"https:\/\/itwcer.com\/fr\/wp-json\/wp\/v2\/media?parent=5403"}],"curies":[{"name":"wp","href":"https:\/\/api.w.org\/{rel}","templated":true}]}}