{"id":5410,"date":"2023-09-11T00:00:05","date_gmt":"2023-09-11T00:00:05","guid":{"rendered":"https:\/\/itwcer.com\/consumables\/decorating-consumables\/foils\/"},"modified":"2025-12-02T08:29:46","modified_gmt":"2025-12-02T08:29:46","slug":"films-de-marquage-a-chaud","status":"publish","type":"page","link":"https:\/\/itwcer.com\/fr\/fournitures-pour-marquage-a-chaud-et-thermoscellage\/decorating-consumables\/films-de-marquage-a-chaud\/","title":{"rendered":"Films de marquage"},"content":{"rendered":"","protected":false},"excerpt":{"rendered":"","protected":false},"author":6,"featured_media":4868,"parent":5381,"menu_order":51,"comment_status":"closed","ping_status":"closed","template":"","meta":{"_acf_changed":false,"footnotes":""},"class_list":["post-5410","page","type-page","status-publish","has-post-thumbnail","hentry"],"acf":[],"yoast_head":"<!-- This site is optimized with the Yoast SEO plugin v27.4 - https:\/\/yoast.com\/product\/yoast-seo-wordpress\/ -->\n<title>Films de marquage \u00e0 chaud - ITW CER<\/title>\n<meta name=\"description\" content=\"CER fournit des films de marquage \u00e0 chaud de qualit\u00e9 depuis plus de 25 ans. Leader mondial de l&#039;industrie des films haute performance.\" \/>\n<meta name=\"robots\" content=\"index, follow, max-snippet:-1, max-image-preview:large, max-video-preview:-1\" \/>\n<link rel=\"canonical\" href=\"https:\/\/itwcer.com\/fr\/fournitures-pour-marquage-a-chaud-et-thermoscellage\/decorating-consumables\/films-de-marquage-a-chaud\/\" \/>\n<meta property=\"og:locale\" content=\"fr_FR\" \/>\n<meta property=\"og:type\" content=\"article\" \/>\n<meta property=\"og:title\" content=\"Films de marquage \u00e0 chaud - ITW CER\" \/>\n<meta property=\"og:description\" content=\"CER fournit des films de marquage \u00e0 chaud de qualit\u00e9 depuis plus de 25 ans. Leader mondial de l&#039;industrie des films haute performance.\" \/>\n<meta property=\"og:url\" content=\"https:\/\/itwcer.com\/fr\/fournitures-pour-marquage-a-chaud-et-thermoscellage\/decorating-consumables\/films-de-marquage-a-chaud\/\" \/>\n<meta property=\"og:site_name\" content=\"ITW CER\" \/>\n<meta property=\"article:modified_time\" content=\"2025-12-02T08:29:46+00:00\" \/>\n<meta property=\"og:image\" content=\"https:\/\/itwcer.com\/wp-content\/uploads\/2020\/03\/DSC_4879-scaled.jpg\" \/>\n\t<meta property=\"og:image:width\" content=\"2460\" \/>\n\t<meta property=\"og:image:height\" content=\"2560\" \/>\n\t<meta property=\"og:image:type\" content=\"image\/jpeg\" \/>\n<meta name=\"twitter:card\" content=\"summary_large_image\" \/>\n<meta name=\"twitter:label1\" content=\"Dur\u00e9e de lecture estim\u00e9e\" \/>\n\t<meta name=\"twitter:data1\" content=\"4 minutes\" \/>\n<script type=\"application\/ld+json\" class=\"yoast-schema-graph\">{\"@context\":\"https:\\\/\\\/schema.org\",\"@graph\":[{\"@type\":\"WebPage\",\"@id\":\"https:\\\/\\\/itwcer.com\\\/fr\\\/fournitures-pour-marquage-a-chaud-et-thermoscellage\\\/decorating-consumables\\\/films-de-marquage-a-chaud\\\/\",\"url\":\"https:\\\/\\\/itwcer.com\\\/fr\\\/fournitures-pour-marquage-a-chaud-et-thermoscellage\\\/decorating-consumables\\\/films-de-marquage-a-chaud\\\/\",\"name\":\"Films de marquage \u00e0 chaud - ITW CER\",\"isPartOf\":{\"@id\":\"https:\\\/\\\/itwcer.com\\\/fr\\\/#website\"},\"primaryImageOfPage\":{\"@id\":\"https:\\\/\\\/itwcer.com\\\/fr\\\/fournitures-pour-marquage-a-chaud-et-thermoscellage\\\/decorating-consumables\\\/films-de-marquage-a-chaud\\\/#primaryimage\"},\"image\":{\"@id\":\"https:\\\/\\\/itwcer.com\\\/fr\\\/fournitures-pour-marquage-a-chaud-et-thermoscellage\\\/decorating-consumables\\\/films-de-marquage-a-chaud\\\/#primaryimage\"},\"thumbnailUrl\":\"https:\\\/\\\/itwcer.com\\\/wp-content\\\/uploads\\\/2020\\\/03\\\/DSC_4879-scaled.jpg\",\"datePublished\":\"2023-09-11T00:00:05+00:00\",\"dateModified\":\"2025-12-02T08:29:46+00:00\",\"description\":\"CER fournit des films de marquage \u00e0 chaud de qualit\u00e9 depuis plus de 25 ans. Leader mondial de l'industrie des films haute performance.\",\"breadcrumb\":{\"@id\":\"https:\\\/\\\/itwcer.com\\\/fr\\\/fournitures-pour-marquage-a-chaud-et-thermoscellage\\\/decorating-consumables\\\/films-de-marquage-a-chaud\\\/#breadcrumb\"},\"inLanguage\":\"fr-FR\",\"potentialAction\":[{\"@type\":\"ReadAction\",\"target\":[\"https:\\\/\\\/itwcer.com\\\/fr\\\/fournitures-pour-marquage-a-chaud-et-thermoscellage\\\/decorating-consumables\\\/films-de-marquage-a-chaud\\\/\"]}]},{\"@type\":\"ImageObject\",\"inLanguage\":\"fr-FR\",\"@id\":\"https:\\\/\\\/itwcer.com\\\/fr\\\/fournitures-pour-marquage-a-chaud-et-thermoscellage\\\/decorating-consumables\\\/films-de-marquage-a-chaud\\\/#primaryimage\",\"url\":\"https:\\\/\\\/itwcer.com\\\/wp-content\\\/uploads\\\/2020\\\/03\\\/DSC_4879-scaled.jpg\",\"contentUrl\":\"https:\\\/\\\/itwcer.com\\\/wp-content\\\/uploads\\\/2020\\\/03\\\/DSC_4879-scaled.jpg\",\"width\":2460,\"height\":2560},{\"@type\":\"BreadcrumbList\",\"@id\":\"https:\\\/\\\/itwcer.com\\\/fr\\\/fournitures-pour-marquage-a-chaud-et-thermoscellage\\\/decorating-consumables\\\/films-de-marquage-a-chaud\\\/#breadcrumb\",\"itemListElement\":[{\"@type\":\"ListItem\",\"position\":1,\"name\":\"Home\",\"item\":\"https:\\\/\\\/itwcer.com\\\/fr\\\/\"},{\"@type\":\"ListItem\",\"position\":2,\"name\":\"Consommables\",\"item\":\"https:\\\/\\\/itwcer.com\\\/fr\\\/fournitures-pour-marquage-a-chaud-et-thermoscellage\\\/\"},{\"@type\":\"ListItem\",\"position\":3,\"name\":\"Consommables pour la d\u00e9coration\",\"item\":\"https:\\\/\\\/itwcer.com\\\/fr\\\/fournitures-pour-marquage-a-chaud-et-thermoscellage\\\/decorating-consumables\\\/\"},{\"@type\":\"ListItem\",\"position\":4,\"name\":\"Films de marquage\"}]},{\"@type\":\"WebSite\",\"@id\":\"https:\\\/\\\/itwcer.com\\\/fr\\\/#website\",\"url\":\"https:\\\/\\\/itwcer.com\\\/fr\\\/\",\"name\":\"ITW CER\",\"description\":\"Complete Hot Stamping &amp; Heat Transfer Product Decorating Solutions\",\"publisher\":{\"@id\":\"https:\\\/\\\/itwcer.com\\\/fr\\\/#organization\"},\"potentialAction\":[{\"@type\":\"SearchAction\",\"target\":{\"@type\":\"EntryPoint\",\"urlTemplate\":\"https:\\\/\\\/itwcer.com\\\/fr\\\/?s={search_term_string}\"},\"query-input\":{\"@type\":\"PropertyValueSpecification\",\"valueRequired\":true,\"valueName\":\"search_term_string\"}}],\"inLanguage\":\"fr-FR\"},{\"@type\":\"Organization\",\"@id\":\"https:\\\/\\\/itwcer.com\\\/fr\\\/#organization\",\"name\":\"ITW CER\",\"url\":\"https:\\\/\\\/itwcer.com\\\/fr\\\/\",\"logo\":{\"@type\":\"ImageObject\",\"inLanguage\":\"fr-FR\",\"@id\":\"https:\\\/\\\/itwcer.com\\\/fr\\\/#\\\/schema\\\/logo\\\/image\\\/\",\"url\":\"https:\\\/\\\/itwcer.com\\\/wp-content\\\/uploads\\\/2020\\\/05\\\/CER_Logo_Hrz_CMYK_CP_300.jpg\",\"contentUrl\":\"https:\\\/\\\/itwcer.com\\\/wp-content\\\/uploads\\\/2020\\\/05\\\/CER_Logo_Hrz_CMYK_CP_300.jpg\",\"width\":779,\"height\":379,\"caption\":\"ITW CER\"},\"image\":{\"@id\":\"https:\\\/\\\/itwcer.com\\\/fr\\\/#\\\/schema\\\/logo\\\/image\\\/\"}}]}<\/script>\n<!-- \/ Yoast SEO plugin. -->","yoast_head_json":{"title":"Films de marquage \u00e0 chaud - ITW CER","description":"CER fournit des films de marquage \u00e0 chaud de qualit\u00e9 depuis plus de 25 ans. Leader mondial de l'industrie des films haute performance.","robots":{"index":"index","follow":"follow","max-snippet":"max-snippet:-1","max-image-preview":"max-image-preview:large","max-video-preview":"max-video-preview:-1"},"canonical":"https:\/\/itwcer.com\/fr\/fournitures-pour-marquage-a-chaud-et-thermoscellage\/decorating-consumables\/films-de-marquage-a-chaud\/","og_locale":"fr_FR","og_type":"article","og_title":"Films de marquage \u00e0 chaud - ITW CER","og_description":"CER fournit des films de marquage \u00e0 chaud de qualit\u00e9 depuis plus de 25 ans. Leader mondial de l'industrie des films haute performance.","og_url":"https:\/\/itwcer.com\/fr\/fournitures-pour-marquage-a-chaud-et-thermoscellage\/decorating-consumables\/films-de-marquage-a-chaud\/","og_site_name":"ITW CER","article_modified_time":"2025-12-02T08:29:46+00:00","og_image":[{"width":2460,"height":2560,"url":"https:\/\/itwcer.com\/wp-content\/uploads\/2020\/03\/DSC_4879-scaled.jpg","type":"image\/jpeg"}],"twitter_card":"summary_large_image","twitter_misc":{"Dur\u00e9e de lecture estim\u00e9e":"4 minutes"},"schema":{"@context":"https:\/\/schema.org","@graph":[{"@type":"WebPage","@id":"https:\/\/itwcer.com\/fr\/fournitures-pour-marquage-a-chaud-et-thermoscellage\/decorating-consumables\/films-de-marquage-a-chaud\/","url":"https:\/\/itwcer.com\/fr\/fournitures-pour-marquage-a-chaud-et-thermoscellage\/decorating-consumables\/films-de-marquage-a-chaud\/","name":"Films de marquage \u00e0 chaud - ITW CER","isPartOf":{"@id":"https:\/\/itwcer.com\/fr\/#website"},"primaryImageOfPage":{"@id":"https:\/\/itwcer.com\/fr\/fournitures-pour-marquage-a-chaud-et-thermoscellage\/decorating-consumables\/films-de-marquage-a-chaud\/#primaryimage"},"image":{"@id":"https:\/\/itwcer.com\/fr\/fournitures-pour-marquage-a-chaud-et-thermoscellage\/decorating-consumables\/films-de-marquage-a-chaud\/#primaryimage"},"thumbnailUrl":"https:\/\/itwcer.com\/wp-content\/uploads\/2020\/03\/DSC_4879-scaled.jpg","datePublished":"2023-09-11T00:00:05+00:00","dateModified":"2025-12-02T08:29:46+00:00","description":"CER fournit des films de marquage \u00e0 chaud de qualit\u00e9 depuis plus de 25 ans. Leader mondial de l'industrie des films haute performance.","breadcrumb":{"@id":"https:\/\/itwcer.com\/fr\/fournitures-pour-marquage-a-chaud-et-thermoscellage\/decorating-consumables\/films-de-marquage-a-chaud\/#breadcrumb"},"inLanguage":"fr-FR","potentialAction":[{"@type":"ReadAction","target":["https:\/\/itwcer.com\/fr\/fournitures-pour-marquage-a-chaud-et-thermoscellage\/decorating-consumables\/films-de-marquage-a-chaud\/"]}]},{"@type":"ImageObject","inLanguage":"fr-FR","@id":"https:\/\/itwcer.com\/fr\/fournitures-pour-marquage-a-chaud-et-thermoscellage\/decorating-consumables\/films-de-marquage-a-chaud\/#primaryimage","url":"https:\/\/itwcer.com\/wp-content\/uploads\/2020\/03\/DSC_4879-scaled.jpg","contentUrl":"https:\/\/itwcer.com\/wp-content\/uploads\/2020\/03\/DSC_4879-scaled.jpg","width":2460,"height":2560},{"@type":"BreadcrumbList","@id":"https:\/\/itwcer.com\/fr\/fournitures-pour-marquage-a-chaud-et-thermoscellage\/decorating-consumables\/films-de-marquage-a-chaud\/#breadcrumb","itemListElement":[{"@type":"ListItem","position":1,"name":"Home","item":"https:\/\/itwcer.com\/fr\/"},{"@type":"ListItem","position":2,"name":"Consommables","item":"https:\/\/itwcer.com\/fr\/fournitures-pour-marquage-a-chaud-et-thermoscellage\/"},{"@type":"ListItem","position":3,"name":"Consommables pour la d\u00e9coration","item":"https:\/\/itwcer.com\/fr\/fournitures-pour-marquage-a-chaud-et-thermoscellage\/decorating-consumables\/"},{"@type":"ListItem","position":4,"name":"Films de marquage"}]},{"@type":"WebSite","@id":"https:\/\/itwcer.com\/fr\/#website","url":"https:\/\/itwcer.com\/fr\/","name":"ITW CER","description":"Complete Hot Stamping &amp; Heat Transfer Product Decorating Solutions","publisher":{"@id":"https:\/\/itwcer.com\/fr\/#organization"},"potentialAction":[{"@type":"SearchAction","target":{"@type":"EntryPoint","urlTemplate":"https:\/\/itwcer.com\/fr\/?s={search_term_string}"},"query-input":{"@type":"PropertyValueSpecification","valueRequired":true,"valueName":"search_term_string"}}],"inLanguage":"fr-FR"},{"@type":"Organization","@id":"https:\/\/itwcer.com\/fr\/#organization","name":"ITW CER","url":"https:\/\/itwcer.com\/fr\/","logo":{"@type":"ImageObject","inLanguage":"fr-FR","@id":"https:\/\/itwcer.com\/fr\/#\/schema\/logo\/image\/","url":"https:\/\/itwcer.com\/wp-content\/uploads\/2020\/05\/CER_Logo_Hrz_CMYK_CP_300.jpg","contentUrl":"https:\/\/itwcer.com\/wp-content\/uploads\/2020\/05\/CER_Logo_Hrz_CMYK_CP_300.jpg","width":779,"height":379,"caption":"ITW CER"},"image":{"@id":"https:\/\/itwcer.com\/fr\/#\/schema\/logo\/image\/"}}]}},"_links":{"self":[{"href":"https:\/\/itwcer.com\/fr\/wp-json\/wp\/v2\/pages\/5410","targetHints":{"allow":["GET"]}}],"collection":[{"href":"https:\/\/itwcer.com\/fr\/wp-json\/wp\/v2\/pages"}],"about":[{"href":"https:\/\/itwcer.com\/fr\/wp-json\/wp\/v2\/types\/page"}],"author":[{"embeddable":true,"href":"https:\/\/itwcer.com\/fr\/wp-json\/wp\/v2\/users\/6"}],"replies":[{"embeddable":true,"href":"https:\/\/itwcer.com\/fr\/wp-json\/wp\/v2\/comments?post=5410"}],"version-history":[{"count":0,"href":"https:\/\/itwcer.com\/fr\/wp-json\/wp\/v2\/pages\/5410\/revisions"}],"up":[{"embeddable":true,"href":"https:\/\/itwcer.com\/fr\/wp-json\/wp\/v2\/pages\/5381"}],"wp:featuredmedia":[{"embeddable":true,"href":"https:\/\/itwcer.com\/fr\/wp-json\/wp\/v2\/media\/4868"}],"wp:attachment":[{"href":"https:\/\/itwcer.com\/fr\/wp-json\/wp\/v2\/media?parent=5410"}],"curies":[{"name":"wp","href":"https:\/\/api.w.org\/{rel}","templated":true}]}}