{"id":6048,"date":"2021-05-10T15:00:58","date_gmt":"2021-05-10T15:00:58","guid":{"rendered":"https:\/\/itwcer.com\/?page_id=6048"},"modified":"2021-05-14T12:45:27","modified_gmt":"2021-05-14T12:45:27","slug":"systemessurmesure","status":"publish","type":"page","link":"https:\/\/itwcer.com\/fr\/options\/systemessurmesure\/","title":{"rendered":"Syst\u00e8mes sur-mesure"},"content":{"rendered":"","protected":false},"excerpt":{"rendered":"","protected":false},"author":6,"featured_media":0,"parent":5245,"menu_order":111,"comment_status":"closed","ping_status":"closed","template":"","meta":{"_acf_changed":false,"footnotes":""},"class_list":["post-6048","page","type-page","status-publish","hentry"],"acf":[],"yoast_head":"<!-- This site is optimized with the Yoast SEO plugin v27.5 - https:\/\/yoast.com\/product\/yoast-seo-wordpress\/ -->\n<title>Syst\u00e8mes sur-mesure - ITW CER<\/title>\n<meta name=\"description\" content=\"La majorit\u00e9 des syst\u00e8mes CER sont fabriqu\u00e9s sur mesure. Nous adaptons soigneusement chaque \u00e9l\u00e9ment pour r\u00e9pondre aux exigences sp\u00e9cifiques de votre produit. Contactez-nous\" \/>\n<meta name=\"robots\" content=\"index, follow, max-snippet:-1, max-image-preview:large, max-video-preview:-1\" \/>\n<link rel=\"canonical\" href=\"https:\/\/itwcer.com\/fr\/options\/systemessurmesure\/\" \/>\n<meta property=\"og:locale\" content=\"fr_FR\" \/>\n<meta property=\"og:type\" content=\"article\" \/>\n<meta property=\"og:title\" content=\"Syst\u00e8mes sur-mesure - ITW CER\" \/>\n<meta property=\"og:description\" content=\"La majorit\u00e9 des syst\u00e8mes CER sont fabriqu\u00e9s sur mesure. Nous adaptons soigneusement chaque \u00e9l\u00e9ment pour r\u00e9pondre aux exigences sp\u00e9cifiques de votre produit. Contactez-nous\" \/>\n<meta property=\"og:url\" content=\"https:\/\/itwcer.com\/fr\/options\/systemessurmesure\/\" \/>\n<meta property=\"og:site_name\" content=\"ITW CER\" \/>\n<meta property=\"article:modified_time\" content=\"2021-05-14T12:45:27+00:00\" \/>\n<meta name=\"twitter:card\" content=\"summary_large_image\" \/>\n<script type=\"application\/ld+json\" class=\"yoast-schema-graph\">{\"@context\":\"https:\\\/\\\/schema.org\",\"@graph\":[{\"@type\":\"WebPage\",\"@id\":\"https:\\\/\\\/itwcer.com\\\/fr\\\/options\\\/systemessurmesure\\\/\",\"url\":\"https:\\\/\\\/itwcer.com\\\/fr\\\/options\\\/systemessurmesure\\\/\",\"name\":\"Syst\u00e8mes sur-mesure - ITW CER\",\"isPartOf\":{\"@id\":\"https:\\\/\\\/itwcer.com\\\/fr\\\/#website\"},\"datePublished\":\"2021-05-10T15:00:58+00:00\",\"dateModified\":\"2021-05-14T12:45:27+00:00\",\"description\":\"La majorit\u00e9 des syst\u00e8mes CER sont fabriqu\u00e9s sur mesure. Nous adaptons soigneusement chaque \u00e9l\u00e9ment pour r\u00e9pondre aux exigences sp\u00e9cifiques de votre produit. Contactez-nous\",\"breadcrumb\":{\"@id\":\"https:\\\/\\\/itwcer.com\\\/fr\\\/options\\\/systemessurmesure\\\/#breadcrumb\"},\"inLanguage\":\"fr-FR\",\"potentialAction\":[{\"@type\":\"ReadAction\",\"target\":[\"https:\\\/\\\/itwcer.com\\\/fr\\\/options\\\/systemessurmesure\\\/\"]}]},{\"@type\":\"BreadcrumbList\",\"@id\":\"https:\\\/\\\/itwcer.com\\\/fr\\\/options\\\/systemessurmesure\\\/#breadcrumb\",\"itemListElement\":[{\"@type\":\"ListItem\",\"position\":1,\"name\":\"Home\",\"item\":\"https:\\\/\\\/itwcer.com\\\/fr\\\/\"},{\"@type\":\"ListItem\",\"position\":2,\"name\":\"Options\",\"item\":\"https:\\\/\\\/itwcer.com\\\/fr\\\/options\\\/\"},{\"@type\":\"ListItem\",\"position\":3,\"name\":\"Syst\u00e8mes sur-mesure\"}]},{\"@type\":\"WebSite\",\"@id\":\"https:\\\/\\\/itwcer.com\\\/fr\\\/#website\",\"url\":\"https:\\\/\\\/itwcer.com\\\/fr\\\/\",\"name\":\"ITW CER\",\"description\":\"Complete Hot Stamping &amp; Heat Transfer Product Decorating Solutions\",\"publisher\":{\"@id\":\"https:\\\/\\\/itwcer.com\\\/fr\\\/#organization\"},\"potentialAction\":[{\"@type\":\"SearchAction\",\"target\":{\"@type\":\"EntryPoint\",\"urlTemplate\":\"https:\\\/\\\/itwcer.com\\\/fr\\\/?s={search_term_string}\"},\"query-input\":{\"@type\":\"PropertyValueSpecification\",\"valueRequired\":true,\"valueName\":\"search_term_string\"}}],\"inLanguage\":\"fr-FR\"},{\"@type\":\"Organization\",\"@id\":\"https:\\\/\\\/itwcer.com\\\/fr\\\/#organization\",\"name\":\"ITW CER\",\"url\":\"https:\\\/\\\/itwcer.com\\\/fr\\\/\",\"logo\":{\"@type\":\"ImageObject\",\"inLanguage\":\"fr-FR\",\"@id\":\"https:\\\/\\\/itwcer.com\\\/fr\\\/#\\\/schema\\\/logo\\\/image\\\/\",\"url\":\"https:\\\/\\\/itwcer.com\\\/wp-content\\\/uploads\\\/2020\\\/05\\\/CER_Logo_Hrz_CMYK_CP_300.jpg\",\"contentUrl\":\"https:\\\/\\\/itwcer.com\\\/wp-content\\\/uploads\\\/2020\\\/05\\\/CER_Logo_Hrz_CMYK_CP_300.jpg\",\"width\":779,\"height\":379,\"caption\":\"ITW CER\"},\"image\":{\"@id\":\"https:\\\/\\\/itwcer.com\\\/fr\\\/#\\\/schema\\\/logo\\\/image\\\/\"}}]}<\/script>\n<!-- \/ Yoast SEO plugin. -->","yoast_head_json":{"title":"Syst\u00e8mes sur-mesure - ITW CER","description":"La majorit\u00e9 des syst\u00e8mes CER sont fabriqu\u00e9s sur mesure. Nous adaptons soigneusement chaque \u00e9l\u00e9ment pour r\u00e9pondre aux exigences sp\u00e9cifiques de votre produit. Contactez-nous","robots":{"index":"index","follow":"follow","max-snippet":"max-snippet:-1","max-image-preview":"max-image-preview:large","max-video-preview":"max-video-preview:-1"},"canonical":"https:\/\/itwcer.com\/fr\/options\/systemessurmesure\/","og_locale":"fr_FR","og_type":"article","og_title":"Syst\u00e8mes sur-mesure - ITW CER","og_description":"La majorit\u00e9 des syst\u00e8mes CER sont fabriqu\u00e9s sur mesure. Nous adaptons soigneusement chaque \u00e9l\u00e9ment pour r\u00e9pondre aux exigences sp\u00e9cifiques de votre produit. Contactez-nous","og_url":"https:\/\/itwcer.com\/fr\/options\/systemessurmesure\/","og_site_name":"ITW CER","article_modified_time":"2021-05-14T12:45:27+00:00","twitter_card":"summary_large_image","schema":{"@context":"https:\/\/schema.org","@graph":[{"@type":"WebPage","@id":"https:\/\/itwcer.com\/fr\/options\/systemessurmesure\/","url":"https:\/\/itwcer.com\/fr\/options\/systemessurmesure\/","name":"Syst\u00e8mes sur-mesure - ITW CER","isPartOf":{"@id":"https:\/\/itwcer.com\/fr\/#website"},"datePublished":"2021-05-10T15:00:58+00:00","dateModified":"2021-05-14T12:45:27+00:00","description":"La majorit\u00e9 des syst\u00e8mes CER sont fabriqu\u00e9s sur mesure. Nous adaptons soigneusement chaque \u00e9l\u00e9ment pour r\u00e9pondre aux exigences sp\u00e9cifiques de votre produit. Contactez-nous","breadcrumb":{"@id":"https:\/\/itwcer.com\/fr\/options\/systemessurmesure\/#breadcrumb"},"inLanguage":"fr-FR","potentialAction":[{"@type":"ReadAction","target":["https:\/\/itwcer.com\/fr\/options\/systemessurmesure\/"]}]},{"@type":"BreadcrumbList","@id":"https:\/\/itwcer.com\/fr\/options\/systemessurmesure\/#breadcrumb","itemListElement":[{"@type":"ListItem","position":1,"name":"Home","item":"https:\/\/itwcer.com\/fr\/"},{"@type":"ListItem","position":2,"name":"Options","item":"https:\/\/itwcer.com\/fr\/options\/"},{"@type":"ListItem","position":3,"name":"Syst\u00e8mes sur-mesure"}]},{"@type":"WebSite","@id":"https:\/\/itwcer.com\/fr\/#website","url":"https:\/\/itwcer.com\/fr\/","name":"ITW CER","description":"Complete Hot Stamping &amp; Heat Transfer Product Decorating Solutions","publisher":{"@id":"https:\/\/itwcer.com\/fr\/#organization"},"potentialAction":[{"@type":"SearchAction","target":{"@type":"EntryPoint","urlTemplate":"https:\/\/itwcer.com\/fr\/?s={search_term_string}"},"query-input":{"@type":"PropertyValueSpecification","valueRequired":true,"valueName":"search_term_string"}}],"inLanguage":"fr-FR"},{"@type":"Organization","@id":"https:\/\/itwcer.com\/fr\/#organization","name":"ITW CER","url":"https:\/\/itwcer.com\/fr\/","logo":{"@type":"ImageObject","inLanguage":"fr-FR","@id":"https:\/\/itwcer.com\/fr\/#\/schema\/logo\/image\/","url":"https:\/\/itwcer.com\/wp-content\/uploads\/2020\/05\/CER_Logo_Hrz_CMYK_CP_300.jpg","contentUrl":"https:\/\/itwcer.com\/wp-content\/uploads\/2020\/05\/CER_Logo_Hrz_CMYK_CP_300.jpg","width":779,"height":379,"caption":"ITW CER"},"image":{"@id":"https:\/\/itwcer.com\/fr\/#\/schema\/logo\/image\/"}}]}},"_links":{"self":[{"href":"https:\/\/itwcer.com\/fr\/wp-json\/wp\/v2\/pages\/6048","targetHints":{"allow":["GET"]}}],"collection":[{"href":"https:\/\/itwcer.com\/fr\/wp-json\/wp\/v2\/pages"}],"about":[{"href":"https:\/\/itwcer.com\/fr\/wp-json\/wp\/v2\/types\/page"}],"author":[{"embeddable":true,"href":"https:\/\/itwcer.com\/fr\/wp-json\/wp\/v2\/users\/6"}],"replies":[{"embeddable":true,"href":"https:\/\/itwcer.com\/fr\/wp-json\/wp\/v2\/comments?post=6048"}],"version-history":[{"count":0,"href":"https:\/\/itwcer.com\/fr\/wp-json\/wp\/v2\/pages\/6048\/revisions"}],"up":[{"embeddable":true,"href":"https:\/\/itwcer.com\/fr\/wp-json\/wp\/v2\/pages\/5245"}],"wp:attachment":[{"href":"https:\/\/itwcer.com\/fr\/wp-json\/wp\/v2\/media?parent=6048"}],"curies":[{"name":"wp","href":"https:\/\/api.w.org\/{rel}","templated":true}]}}